{"id":98512,"date":"2024-07-11T12:30:06","date_gmt":"2024-07-11T10:30:06","guid":{"rendered":"https:\/\/b2b.pfellas.lt\/index.php\/product\/performance-pilnas-papildomu-apdailu-komplektas-bmw-x3-g01-17-21-pre-facelift\/"},"modified":"2024-09-25T15:41:31","modified_gmt":"2024-09-25T13:41:31","slug":"performance-pilnas-papildomu-apdailu-komplektas-bmw-x3-g01-17-21-pre-facelift","status":"publish","type":"product","link":"https:\/\/b2b.pfellas.lt\/index.php\/product\/performance-pilnas-papildomu-apdailu-komplektas-bmw-x3-g01-17-21-pre-facelift\/","title":{"rendered":"Performance pilnas papildom\u0173 apdail\u0173 komplektas BMW X3 G01 17- 21 (Pre- Facelift)"},"content":{"rendered":"<p>Tinka BMW X3 G01 modeliui nuo 17-21m.<\/p>\n<p>Tik M paketo bamperiams.<\/p>\n<p>Komplekt\u0105 sudaro:<\/p>\n<p>1.Priekinis lipas.<\/p>\n<p>2. slenks\u010di\u0173 apdaila;<\/p>\n<p>3. galinis difuzorius;<\/p>\n<p>4.Galinis spoileris.<\/p>\n<p>Juoda blizgus komplektas<\/p>\n<p>&nbsp;<\/p>\n","protected":false},"excerpt":{"rendered":"<p>Tinka BMW X3 G01 modeliui nuo 17-21m. Tik M paketo bamperiams. Komplekt\u0105 sudaro: 1.Priekinis lipas. 2. slenks\u010di\u0173 apdaila; 3. galinis difuzorius; 4.Galinis spoileris. Juoda blizgus komplektas &nbsp;<\/p>\n","protected":false},"featured_media":98511,"comment_status":"open","ping_status":"closed","template":"","meta":[],"product_cat":[2927,2954,2973],"product_tag":[],"class_list":{"0":"post-98512","1":"product","2":"type-product","3":"status-publish","4":"has-post-thumbnail","6":"product_cat-apdailu-komplektas","7":"product_cat-bmw","8":"product_cat-x3-g01-17","9":"pa_make-bmw","10":"pa_make-x3-g01","12":"first","13":"outofstock","14":"taxable","15":"shipping-taxable","16":"purchasable","17":"product-type-simple"},"jetpack_sharing_enabled":true,"_links":{"self":[{"href":"https:\/\/b2b.pfellas.lt\/index.php\/wp-json\/wp\/v2\/product\/98512"}],"collection":[{"href":"https:\/\/b2b.pfellas.lt\/index.php\/wp-json\/wp\/v2\/product"}],"about":[{"href":"https:\/\/b2b.pfellas.lt\/index.php\/wp-json\/wp\/v2\/types\/product"}],"replies":[{"embeddable":true,"href":"https:\/\/b2b.pfellas.lt\/index.php\/wp-json\/wp\/v2\/comments?post=98512"}],"wp:featuredmedia":[{"embeddable":true,"href":"https:\/\/b2b.pfellas.lt\/index.php\/wp-json\/wp\/v2\/media\/98511"}],"wp:attachment":[{"href":"https:\/\/b2b.pfellas.lt\/index.php\/wp-json\/wp\/v2\/media?parent=98512"}],"wp:term":[{"taxonomy":"product_cat","embeddable":true,"href":"https:\/\/b2b.pfellas.lt\/index.php\/wp-json\/wp\/v2\/product_cat?post=98512"},{"taxonomy":"product_tag","embeddable":true,"href":"https:\/\/b2b.pfellas.lt\/index.php\/wp-json\/wp\/v2\/product_tag?post=98512"}],"curies":[{"name":"wp","href":"https:\/\/api.w.org\/{rel}","templated":true}]}}