{"id":98592,"date":"2024-09-25T15:47:26","date_gmt":"2024-09-25T13:47:26","guid":{"rendered":"https:\/\/b2b.pfellas.lt\/index.php\/product\/priekinio-bamperio-performance-apdaila-bmw-3-e90-e91-08-12-juoda-blizgi\/"},"modified":"2024-09-25T16:06:09","modified_gmt":"2024-09-25T14:06:09","slug":"priekinio-bamperio-performance-apdaila-bmw-3-e90-e91-08-12-juoda-blizgi","status":"publish","type":"product","link":"https:\/\/b2b.pfellas.lt\/index.php\/product\/priekinio-bamperio-performance-apdaila-bmw-3-e90-e91-08-12-juoda-blizgi\/","title":{"rendered":"Priekinio bamperio performance apdaila BMW 3 E90 E91 08-12 juoda blizgi"},"content":{"rendered":"<p>Tinka 2009-2011 met\u0173 LCI modeliams su M Sport buferiu<\/p>\n<p>*Tinka 3 Serijos BMW E90, E91 modeliams pagamintiems nuo 2009 iki 2011 su M Sport priekiniu buferiu<\/p>\n<p>*Netinka paprastiems buferiams<\/p>\n<p>*Netinka su kitais lipais, spliteriais ar kito gamintojo apdailomis<br \/>\n*Netinka M3 Look ir tikriems M3 buferiais. Skiriasi forma ir tvirtinimai. Pritaikyti neina.<\/p>\n<p>Pagaminti i\u0161 storos ABS plastmas\u0117s. Nuda\u017eyti juoda blizgia spalva<\/p>\n<p>Tinkamumas geras<\/p>\n","protected":false},"excerpt":{"rendered":"<p>Tinka 2009-2011 met\u0173 LCI modeliams su M Sport buferiu *Tinka 3 Serijos BMW E90, E91 modeliams pagamintiems nuo 2009 iki 2011 su M Sport priekiniu buferiu *Netinka paprastiems buferiams *Netinka su kitais lipais, spliteriais ar kito gamintojo apdailomis *Netinka M3 Look ir tikriems M3 buferiais. Skiriasi forma ir tvirtinimai. Pritaikyti neina. Pagaminti i\u0161 storos ABS<\/p>\n<div class=\"klb-readmore button\"><a class=\"btn link\" href=\"https:\/\/b2b.pfellas.lt\/index.php\/product\/priekinio-bamperio-performance-apdaila-bmw-3-e90-e91-08-12-juoda-blizgi\/\">Read More <i class=\"klbth-icon-right-arrow\"><\/i><\/a><\/div>\n","protected":false},"featured_media":98591,"comment_status":"open","ping_status":"closed","template":"","meta":[],"product_cat":[2988,2954,2618],"product_tag":[],"class_list":{"0":"post-98592","1":"product","2":"type-product","3":"status-publish","4":"has-post-thumbnail","6":"product_cat-3-e90-e91-05-11","7":"product_cat-bmw","8":"product_cat-priekinio-bamperio-apdailos","9":"pa_make-3-e90-2","10":"pa_make-bmw","12":"first","13":"instock","14":"taxable","15":"shipping-taxable","16":"purchasable","17":"product-type-simple"},"jetpack_sharing_enabled":true,"_links":{"self":[{"href":"https:\/\/b2b.pfellas.lt\/index.php\/wp-json\/wp\/v2\/product\/98592"}],"collection":[{"href":"https:\/\/b2b.pfellas.lt\/index.php\/wp-json\/wp\/v2\/product"}],"about":[{"href":"https:\/\/b2b.pfellas.lt\/index.php\/wp-json\/wp\/v2\/types\/product"}],"replies":[{"embeddable":true,"href":"https:\/\/b2b.pfellas.lt\/index.php\/wp-json\/wp\/v2\/comments?post=98592"}],"wp:featuredmedia":[{"embeddable":true,"href":"https:\/\/b2b.pfellas.lt\/index.php\/wp-json\/wp\/v2\/media\/98591"}],"wp:attachment":[{"href":"https:\/\/b2b.pfellas.lt\/index.php\/wp-json\/wp\/v2\/media?parent=98592"}],"wp:term":[{"taxonomy":"product_cat","embeddable":true,"href":"https:\/\/b2b.pfellas.lt\/index.php\/wp-json\/wp\/v2\/product_cat?post=98592"},{"taxonomy":"product_tag","embeddable":true,"href":"https:\/\/b2b.pfellas.lt\/index.php\/wp-json\/wp\/v2\/product_tag?post=98592"}],"curies":[{"name":"wp","href":"https:\/\/api.w.org\/{rel}","templated":true}]}}