{"id":98637,"date":"2024-09-25T15:50:49","date_gmt":"2024-09-25T13:50:49","guid":{"rendered":"https:\/\/b2b.pfellas.lt\/index.php\/product\/priekinio-bamperio-groteles-bmw-7-f01-f02-08-13-juodos-blizgios\/"},"modified":"2024-09-25T16:09:02","modified_gmt":"2024-09-25T14:09:02","slug":"priekinio-bamperio-groteles-bmw-7-f01-f02-08-13-juodos-blizgios","status":"publish","type":"product","link":"https:\/\/b2b.pfellas.lt\/index.php\/product\/priekinio-bamperio-groteles-bmw-7-f01-f02-08-13-juodos-blizgios\/","title":{"rendered":"Priekinio bamperio grotel\u0117s BMW 7 F01 F02 08-13 juodos blizgios"},"content":{"rendered":"<div id=\"description\" class=\"tab-pane in active\">\n<div class=\"product-description\">\n<div class=\"rte-content\">\n<p>Juodos Blizgios priekinio buferio grotel\u0117s<\/p>\n<p>Tinka 7 Serijos BMW F01, F02 modeliams<\/p>\n<p>Tinka visiems buferiams<\/p>\n<p>Pagaminti i\u0161 ABS Plastmas\u0117s<br \/>\nGrotel\u0117s nuda\u017eytos juoda blizgia spalva<\/p>\n<\/div>\n<\/div>\n<\/div>\n","protected":false},"excerpt":{"rendered":"<p>Juodos Blizgios priekinio buferio grotel\u0117s Tinka 7 Serijos BMW F01, F02 modeliams Tinka visiems buferiams Pagaminti i\u0161 ABS Plastmas\u0117s Grotel\u0117s nuda\u017eytos juoda blizgia spalva<\/p>\n","protected":false},"featured_media":98636,"comment_status":"open","ping_status":"closed","template":"","meta":[],"product_cat":[2964,2954,2935],"product_tag":[],"class_list":{"0":"post-98637","1":"product","2":"type-product","3":"status-publish","4":"has-post-thumbnail","6":"product_cat-7-f01-f02-08-15","7":"product_cat-bmw","8":"product_cat-priekinio-bamperio-groteles","9":"pa_make-7-f01-2","10":"pa_make-7-f02-2","11":"pa_make-bmw","13":"first","14":"instock","15":"taxable","16":"shipping-taxable","17":"purchasable","18":"product-type-simple"},"jetpack_sharing_enabled":true,"_links":{"self":[{"href":"https:\/\/b2b.pfellas.lt\/index.php\/wp-json\/wp\/v2\/product\/98637"}],"collection":[{"href":"https:\/\/b2b.pfellas.lt\/index.php\/wp-json\/wp\/v2\/product"}],"about":[{"href":"https:\/\/b2b.pfellas.lt\/index.php\/wp-json\/wp\/v2\/types\/product"}],"replies":[{"embeddable":true,"href":"https:\/\/b2b.pfellas.lt\/index.php\/wp-json\/wp\/v2\/comments?post=98637"}],"wp:featuredmedia":[{"embeddable":true,"href":"https:\/\/b2b.pfellas.lt\/index.php\/wp-json\/wp\/v2\/media\/98636"}],"wp:attachment":[{"href":"https:\/\/b2b.pfellas.lt\/index.php\/wp-json\/wp\/v2\/media?parent=98637"}],"wp:term":[{"taxonomy":"product_cat","embeddable":true,"href":"https:\/\/b2b.pfellas.lt\/index.php\/wp-json\/wp\/v2\/product_cat?post=98637"},{"taxonomy":"product_tag","embeddable":true,"href":"https:\/\/b2b.pfellas.lt\/index.php\/wp-json\/wp\/v2\/product_tag?post=98637"}],"curies":[{"name":"wp","href":"https:\/\/api.w.org\/{rel}","templated":true}]}}