{"id":98684,"date":"2024-09-25T15:53:54","date_gmt":"2024-09-25T13:53:54","guid":{"rendered":"https:\/\/b2b.pfellas.lt\/index.php\/product\/bagazines-apdaila-psm-stiliaus-bmw-4-f33-m4-f83-juoda-blizgi\/"},"modified":"2024-09-25T16:14:32","modified_gmt":"2024-09-25T14:14:32","slug":"bagazines-apdaila-psm-stiliaus-bmw-4-f33-m4-f83-juoda-blizgi","status":"publish","type":"product","link":"https:\/\/b2b.pfellas.lt\/index.php\/product\/bagazines-apdaila-psm-stiliaus-bmw-4-f33-m4-f83-juoda-blizgi\/","title":{"rendered":"Baga\u017ein\u0117s apdaila PSM stiliaus BMW 4 F33 \/ M4 F83 juoda blizgi"},"content":{"rendered":"<ul>\n<li>Tinka 4 Serijos BMW F33 Kabrioleto modeliams<\/li>\n<li>Tinka 4 Serijos BMW F83 M4 Kabrioleto modeliams<\/li>\n<li>Netinka 4 Serijos BMW F32 Coupe, F36 Gran Coupe modeliams. \u0160i\u0173 modeli\u0173 baga\u017ein\u0117s dang\u010dio forma skiriasi nuo Coupe modelio!<\/li>\n<li>Netinka 4 Serijos BMW M4 F82 Coupe modeliams<\/li>\n<\/ul>\n<p>Juodas blizgus PSM Stiliaus baga\u017ein\u0117s spoileris<br \/>\n\u2022 Spoileris pagamintas i\u0161 ABS Plastmas\u0117s<br \/>\n\u2022 Baga\u017ein\u0117s spoileris nuda\u017eytas juoda blizgia spalva<\/p>\n","protected":false},"excerpt":{"rendered":"<p>Tinka 4 Serijos BMW F33 Kabrioleto modeliams Tinka 4 Serijos BMW F83 M4 Kabrioleto modeliams Netinka 4 Serijos BMW F32 Coupe, F36 Gran Coupe modeliams. \u0160i\u0173 modeli\u0173 baga\u017ein\u0117s dang\u010dio forma skiriasi nuo Coupe modelio! Netinka 4 Serijos BMW M4 F82 Coupe modeliams Juodas blizgus PSM Stiliaus baga\u017ein\u0117s spoileris \u2022 Spoileris pagamintas i\u0161 ABS Plastmas\u0117s \u2022<\/p>\n<div class=\"klb-readmore button\"><a class=\"btn link\" href=\"https:\/\/b2b.pfellas.lt\/index.php\/product\/bagazines-apdaila-psm-stiliaus-bmw-4-f33-m4-f83-juoda-blizgi\/\">Read More <i class=\"klbth-icon-right-arrow\"><\/i><\/a><\/div>\n","protected":false},"featured_media":98683,"comment_status":"open","ping_status":"closed","template":"","meta":[],"product_cat":[2986,2623,2954,2979],"product_tag":[],"class_list":{"0":"post-98684","1":"product","2":"type-product","3":"status-publish","4":"has-post-thumbnail","6":"product_cat-4-f32-f33-f36-13-20","7":"product_cat-bagazines-apdailos","8":"product_cat-bmw","9":"product_cat-m4-f82-14-20","10":"pa_make-4-f32-2","11":"pa_make-bmw","12":"pa_make-m4-f82-2","14":"first","15":"instock","16":"sale","17":"taxable","18":"shipping-taxable","19":"purchasable","20":"product-type-simple"},"jetpack_sharing_enabled":true,"_links":{"self":[{"href":"https:\/\/b2b.pfellas.lt\/index.php\/wp-json\/wp\/v2\/product\/98684"}],"collection":[{"href":"https:\/\/b2b.pfellas.lt\/index.php\/wp-json\/wp\/v2\/product"}],"about":[{"href":"https:\/\/b2b.pfellas.lt\/index.php\/wp-json\/wp\/v2\/types\/product"}],"replies":[{"embeddable":true,"href":"https:\/\/b2b.pfellas.lt\/index.php\/wp-json\/wp\/v2\/comments?post=98684"}],"wp:featuredmedia":[{"embeddable":true,"href":"https:\/\/b2b.pfellas.lt\/index.php\/wp-json\/wp\/v2\/media\/98683"}],"wp:attachment":[{"href":"https:\/\/b2b.pfellas.lt\/index.php\/wp-json\/wp\/v2\/media?parent=98684"}],"wp:term":[{"taxonomy":"product_cat","embeddable":true,"href":"https:\/\/b2b.pfellas.lt\/index.php\/wp-json\/wp\/v2\/product_cat?post=98684"},{"taxonomy":"product_tag","embeddable":true,"href":"https:\/\/b2b.pfellas.lt\/index.php\/wp-json\/wp\/v2\/product_tag?post=98684"}],"curies":[{"name":"wp","href":"https:\/\/api.w.org\/{rel}","templated":true}]}}