{"id":98692,"date":"2024-09-25T15:54:04","date_gmt":"2024-09-25T13:54:04","guid":{"rendered":"https:\/\/b2b.pfellas.lt\/index.php\/product\/cs-stiliaus-bagazines-spoileris-bmw-g30-f90-m5-juodas-blizgus\/"},"modified":"2024-10-07T12:25:33","modified_gmt":"2024-10-07T10:25:33","slug":"cs-stiliaus-bagazines-spoileris-bmw-g30-f90-m5-juodas-blizgus","status":"publish","type":"product","link":"https:\/\/b2b.pfellas.lt\/index.php\/product\/cs-stiliaus-bagazines-spoileris-bmw-g30-f90-m5-juodas-blizgus\/","title":{"rendered":"Pro Performance Stiliaus baga\u017ein\u0117s spoileris BMW G30, F90 M5 juodas blizgus"},"content":{"rendered":"<ul>\n<li>Tinka 5 Serijos BMW G30, F90 M5 modeliams<\/li>\n<li>Netinka 5 Serijos BMW G31 Universalo modeliams<\/li>\n<li>Pagamintas i\u0161 ABS Plastiko<\/li>\n<li>Spoileris nuda\u017eytas juoda blizgia spalva<\/li>\n<\/ul>\n<p>Juodas blizgus Pro Performance Stiliaus baga\u017ein\u0117s spoileris<br \/>\nBaga\u017ein\u0117s spoileris neoriginalus<\/p>\n","protected":false},"excerpt":{"rendered":"<p>Tinka 5 Serijos BMW G30, F90 M5 modeliams Netinka 5 Serijos BMW G31 Universalo modeliams Pagamintas i\u0161 ABS Plastiko Spoileris nuda\u017eytas juoda blizgia spalva Juodas blizgus Pro Performance Stiliaus baga\u017ein\u0117s spoileris Baga\u017ein\u0117s spoileris neoriginalus<\/p>\n","protected":false},"featured_media":98859,"comment_status":"open","ping_status":"closed","template":"","meta":[],"product_cat":[2961,2623,2954,2976],"product_tag":[],"class_list":{"0":"post-98692","1":"product","2":"type-product","3":"status-publish","4":"has-post-thumbnail","6":"product_cat-5-g30-g31-17","7":"product_cat-bagazines-apdailos","8":"product_cat-bmw","9":"product_cat-m5-f90-17","10":"pa_make-5-g30","11":"pa_make-bmw","12":"pa_make-m5-f90","14":"first","15":"instock","16":"taxable","17":"shipping-taxable","18":"purchasable","19":"product-type-simple"},"jetpack_sharing_enabled":true,"_links":{"self":[{"href":"https:\/\/b2b.pfellas.lt\/index.php\/wp-json\/wp\/v2\/product\/98692"}],"collection":[{"href":"https:\/\/b2b.pfellas.lt\/index.php\/wp-json\/wp\/v2\/product"}],"about":[{"href":"https:\/\/b2b.pfellas.lt\/index.php\/wp-json\/wp\/v2\/types\/product"}],"replies":[{"embeddable":true,"href":"https:\/\/b2b.pfellas.lt\/index.php\/wp-json\/wp\/v2\/comments?post=98692"}],"wp:featuredmedia":[{"embeddable":true,"href":"https:\/\/b2b.pfellas.lt\/index.php\/wp-json\/wp\/v2\/media\/98859"}],"wp:attachment":[{"href":"https:\/\/b2b.pfellas.lt\/index.php\/wp-json\/wp\/v2\/media?parent=98692"}],"wp:term":[{"taxonomy":"product_cat","embeddable":true,"href":"https:\/\/b2b.pfellas.lt\/index.php\/wp-json\/wp\/v2\/product_cat?post=98692"},{"taxonomy":"product_tag","embeddable":true,"href":"https:\/\/b2b.pfellas.lt\/index.php\/wp-json\/wp\/v2\/product_tag?post=98692"}],"curies":[{"name":"wp","href":"https:\/\/api.w.org\/{rel}","templated":true}]}}