{"id":98701,"date":"2024-09-25T15:54:22","date_gmt":"2024-09-25T13:54:22","guid":{"rendered":"https:\/\/b2b.pfellas.lt\/index.php\/product\/m-sport-priekinio-buferio-apdaila-skirta-bmw-e90-e91-lci-2009-2012-juoda-blizgi\/"},"modified":"2024-09-25T16:16:49","modified_gmt":"2024-09-25T14:16:49","slug":"m-sport-priekinio-buferio-apdaila-skirta-bmw-e90-e91-lci-2009-2012-juoda-blizgi","status":"publish","type":"product","link":"https:\/\/b2b.pfellas.lt\/index.php\/product\/m-sport-priekinio-buferio-apdaila-skirta-bmw-e90-e91-lci-2009-2012-juoda-blizgi\/","title":{"rendered":"M Sport priekinio buferio apdaila skirta BMW E90, E91 LCI 2009-2012 Juoda blizgi"},"content":{"rendered":"<p>Juodas blizgus priekinio buferio spoileris<\/p>\n<p>\u2022 Tinka 3 Serijos BMW E90, E91 LCI modeliams pagamintiems nuo 2009-2012 met\u0173. Tinka tik modeliams su M Sport priekiniu buferiu<br \/>\n\u2022 NETINKA paprastiems ir M3 buferiams<\/p>\n<p>Gamykli\u0161kai nuda\u017eytas juoda blizgia spalva<\/p>\n<p>Komplekt\u0105 sudaro:<br \/>\n\u2022 Priekinio buferio apdailos ant kamp\u0173<br \/>\n\u2022 Priekinio buferio apdaila po apa\u010dia<br \/>\n\u2022 Var\u017etai ir lipni juosta<\/p>\n","protected":false},"excerpt":{"rendered":"<p>Juodas blizgus priekinio buferio spoileris \u2022 Tinka 3 Serijos BMW E90, E91 LCI modeliams pagamintiems nuo 2009-2012 met\u0173. Tinka tik modeliams su M Sport priekiniu buferiu \u2022 NETINKA paprastiems ir M3 buferiams Gamykli\u0161kai nuda\u017eytas juoda blizgia spalva Komplekt\u0105 sudaro: \u2022 Priekinio buferio apdailos ant kamp\u0173 \u2022 Priekinio buferio apdaila po apa\u010dia \u2022 Var\u017etai ir lipni<\/p>\n<div class=\"klb-readmore button\"><a class=\"btn link\" href=\"https:\/\/b2b.pfellas.lt\/index.php\/product\/m-sport-priekinio-buferio-apdaila-skirta-bmw-e90-e91-lci-2009-2012-juoda-blizgi\/\">Read More <i class=\"klbth-icon-right-arrow\"><\/i><\/a><\/div>\n","protected":false},"featured_media":98700,"comment_status":"open","ping_status":"closed","template":"","meta":[],"product_cat":[2988,2954,2618],"product_tag":[],"class_list":{"0":"post-98701","1":"product","2":"type-product","3":"status-publish","4":"has-post-thumbnail","6":"product_cat-3-e90-e91-05-11","7":"product_cat-bmw","8":"product_cat-priekinio-bamperio-apdailos","9":"pa_make-3-e90-2","10":"pa_make-bmw","12":"first","13":"instock","14":"taxable","15":"shipping-taxable","16":"purchasable","17":"product-type-simple"},"jetpack_sharing_enabled":true,"_links":{"self":[{"href":"https:\/\/b2b.pfellas.lt\/index.php\/wp-json\/wp\/v2\/product\/98701"}],"collection":[{"href":"https:\/\/b2b.pfellas.lt\/index.php\/wp-json\/wp\/v2\/product"}],"about":[{"href":"https:\/\/b2b.pfellas.lt\/index.php\/wp-json\/wp\/v2\/types\/product"}],"replies":[{"embeddable":true,"href":"https:\/\/b2b.pfellas.lt\/index.php\/wp-json\/wp\/v2\/comments?post=98701"}],"wp:featuredmedia":[{"embeddable":true,"href":"https:\/\/b2b.pfellas.lt\/index.php\/wp-json\/wp\/v2\/media\/98700"}],"wp:attachment":[{"href":"https:\/\/b2b.pfellas.lt\/index.php\/wp-json\/wp\/v2\/media?parent=98701"}],"wp:term":[{"taxonomy":"product_cat","embeddable":true,"href":"https:\/\/b2b.pfellas.lt\/index.php\/wp-json\/wp\/v2\/product_cat?post=98701"},{"taxonomy":"product_tag","embeddable":true,"href":"https:\/\/b2b.pfellas.lt\/index.php\/wp-json\/wp\/v2\/product_tag?post=98701"}],"curies":[{"name":"wp","href":"https:\/\/api.w.org\/{rel}","templated":true}]}}