{"id":98705,"date":"2024-09-25T15:54:35","date_gmt":"2024-09-25T13:54:35","guid":{"rendered":"https:\/\/b2b.pfellas.lt\/index.php\/product\/juodos-blizgios-groteles-tinkancios-bmw-x3-g01-x4-g02-modeliams\/"},"modified":"2024-09-25T16:22:54","modified_gmt":"2024-09-25T14:22:54","slug":"juodos-blizgios-groteles-tinkancios-bmw-x3-g01-x4-g02-modeliams","status":"publish","type":"product","link":"https:\/\/b2b.pfellas.lt\/index.php\/product\/juodos-blizgios-groteles-tinkancios-bmw-x3-g01-x4-g02-modeliams\/","title":{"rendered":"Juodos blizgios grotel\u0117s tinkan\u010dios BMW X3 G01, X4 G02 modeliams"},"content":{"rendered":"<p>Juodos Blizgios priekinio buferio grotel\u0117s<\/p>\n<p>\u00bb Tinka BMW X3 G01 modeliams pagamintiems iki 2021 met\u0173<br \/>\n\u00bb Tinka BMW X4 G02 modeliams pagamintiems iki 2021 met\u0173<\/p>\n<p>Netinka X3 G01 ir X4 G02 Facelift modeliams pagamintiems po 2021 met\u0173<br \/>\nTinka visiems buferiams<\/p>\n<p>Pagaminti i\u0161 ABS Plastmas\u0117s<br \/>\nGrotel\u0117s\u00a0nuda\u017eytos juoda blizgia spalva<\/p>\n","protected":false},"excerpt":{"rendered":"<p>Juodos Blizgios priekinio buferio grotel\u0117s \u00bb Tinka BMW X3 G01 modeliams pagamintiems iki 2021 met\u0173 \u00bb Tinka BMW X4 G02 modeliams pagamintiems iki 2021 met\u0173 Netinka X3 G01 ir X4 G02 Facelift modeliams pagamintiems po 2021 met\u0173 Tinka visiems buferiams Pagaminti i\u0161 ABS Plastmas\u0117s Grotel\u0117s\u00a0nuda\u017eytos juoda blizgia spalva<\/p>\n","protected":false},"featured_media":98704,"comment_status":"open","ping_status":"closed","template":"","meta":[],"product_cat":[2954,2935,2973,2971],"product_tag":[],"class_list":{"0":"post-98705","1":"product","2":"type-product","3":"status-publish","4":"has-post-thumbnail","6":"product_cat-bmw","7":"product_cat-priekinio-bamperio-groteles","8":"product_cat-x3-g01-17","9":"product_cat-x4-g02-18","10":"pa_make-bmw","11":"pa_make-x3-g01","12":"pa_make-x4-g02","14":"first","15":"instock","16":"taxable","17":"shipping-taxable","18":"purchasable","19":"product-type-simple"},"jetpack_sharing_enabled":true,"_links":{"self":[{"href":"https:\/\/b2b.pfellas.lt\/index.php\/wp-json\/wp\/v2\/product\/98705"}],"collection":[{"href":"https:\/\/b2b.pfellas.lt\/index.php\/wp-json\/wp\/v2\/product"}],"about":[{"href":"https:\/\/b2b.pfellas.lt\/index.php\/wp-json\/wp\/v2\/types\/product"}],"replies":[{"embeddable":true,"href":"https:\/\/b2b.pfellas.lt\/index.php\/wp-json\/wp\/v2\/comments?post=98705"}],"wp:featuredmedia":[{"embeddable":true,"href":"https:\/\/b2b.pfellas.lt\/index.php\/wp-json\/wp\/v2\/media\/98704"}],"wp:attachment":[{"href":"https:\/\/b2b.pfellas.lt\/index.php\/wp-json\/wp\/v2\/media?parent=98705"}],"wp:term":[{"taxonomy":"product_cat","embeddable":true,"href":"https:\/\/b2b.pfellas.lt\/index.php\/wp-json\/wp\/v2\/product_cat?post=98705"},{"taxonomy":"product_tag","embeddable":true,"href":"https:\/\/b2b.pfellas.lt\/index.php\/wp-json\/wp\/v2\/product_tag?post=98705"}],"curies":[{"name":"wp","href":"https:\/\/api.w.org\/{rel}","templated":true}]}}