{"id":98712,"date":"2024-09-25T15:54:45","date_gmt":"2024-09-25T13:54:45","guid":{"rendered":"https:\/\/b2b.pfellas.lt\/index.php\/product\/bagazines-apdaila-m4-look-bmw-2-f22-m2-f87-juoda-blizgi\/"},"modified":"2024-09-25T16:23:46","modified_gmt":"2024-09-25T14:23:46","slug":"bagazines-apdaila-m4-look-bmw-2-f22-m2-f87-juoda-blizgi","status":"publish","type":"product","link":"https:\/\/b2b.pfellas.lt\/index.php\/product\/bagazines-apdaila-m4-look-bmw-2-f22-m2-f87-juoda-blizgi\/","title":{"rendered":"Baga\u017ein\u0117s apdaila M4 look BMW 2 F22\/ M2 F87 juoda blizgi"},"content":{"rendered":"<p>Juodas blizgus M4 Stiliaus baga\u017ein\u0117s spoileris<br \/>\n<strong>*Tinka<\/strong>\u00a02 Serijos BMW F22\u00a0<strong>Coupe<\/strong>\u00a0ir F87 M2 modeliams<\/p>\n<p><strong>*<\/strong><strong>Netinka<\/strong>\u00a02 Serijos BMW F23 Kabrioletui, F88 kabrioleto modeliams.<br \/>\n<strong>*<\/strong><strong>Netinka<\/strong>\u00a04 Serijos BMW M4 F82, M4 F83 modeliams<\/p>\n<p>\u2022 Spoileris pagamintas i\u0161 ABS Plastmas\u0117s<br \/>\n\u2022 Baga\u017ein\u0117s spoileris nuda\u017eytas juoda blizgia spalva<\/p>\n","protected":false},"excerpt":{"rendered":"<p>Juodas blizgus M4 Stiliaus baga\u017ein\u0117s spoileris *Tinka\u00a02 Serijos BMW F22\u00a0Coupe\u00a0ir F87 M2 modeliams *Netinka\u00a02 Serijos BMW F23 Kabrioletui, F88 kabrioleto modeliams. *Netinka\u00a04 Serijos BMW M4 F82, M4 F83 modeliams \u2022 Spoileris pagamintas i\u0161 ABS Plastmas\u0117s \u2022 Baga\u017ein\u0117s spoileris nuda\u017eytas juoda blizgia spalva<\/p>\n","protected":false},"featured_media":98711,"comment_status":"open","ping_status":"closed","template":"","meta":[],"product_cat":[2990,2623,2954,2985],"product_tag":[],"class_list":{"0":"post-98712","1":"product","2":"type-product","3":"status-publish","4":"has-post-thumbnail","6":"product_cat-2-f22-f23-14-20","7":"product_cat-bagazines-apdailos","8":"product_cat-bmw","9":"product_cat-m2-f87-15-21","10":"pa_make-2-f22-f23-2013-2019","11":"pa_make-bmw","12":"pa_make-m2-f87","14":"first","15":"instock","16":"sale","17":"taxable","18":"shipping-taxable","19":"purchasable","20":"product-type-simple"},"jetpack_sharing_enabled":true,"_links":{"self":[{"href":"https:\/\/b2b.pfellas.lt\/index.php\/wp-json\/wp\/v2\/product\/98712"}],"collection":[{"href":"https:\/\/b2b.pfellas.lt\/index.php\/wp-json\/wp\/v2\/product"}],"about":[{"href":"https:\/\/b2b.pfellas.lt\/index.php\/wp-json\/wp\/v2\/types\/product"}],"replies":[{"embeddable":true,"href":"https:\/\/b2b.pfellas.lt\/index.php\/wp-json\/wp\/v2\/comments?post=98712"}],"wp:featuredmedia":[{"embeddable":true,"href":"https:\/\/b2b.pfellas.lt\/index.php\/wp-json\/wp\/v2\/media\/98711"}],"wp:attachment":[{"href":"https:\/\/b2b.pfellas.lt\/index.php\/wp-json\/wp\/v2\/media?parent=98712"}],"wp:term":[{"taxonomy":"product_cat","embeddable":true,"href":"https:\/\/b2b.pfellas.lt\/index.php\/wp-json\/wp\/v2\/product_cat?post=98712"},{"taxonomy":"product_tag","embeddable":true,"href":"https:\/\/b2b.pfellas.lt\/index.php\/wp-json\/wp\/v2\/product_tag?post=98712"}],"curies":[{"name":"wp","href":"https:\/\/api.w.org\/{rel}","templated":true}]}}