{"id":98716,"date":"2024-09-25T15:54:50","date_gmt":"2024-09-25T13:54:50","guid":{"rendered":"https:\/\/b2b.pfellas.lt\/index.php\/product\/veidrodeliu-gaubtai-m-stiliaus-x3-g01-x4-g02-x5-g05-x6-g06-juodi-blizgus\/"},"modified":"2024-09-25T16:32:12","modified_gmt":"2024-09-25T14:32:12","slug":"veidrodeliu-gaubtai-m-stiliaus-x3-g01-x4-g02-x5-g05-x6-g06-juodi-blizgus","status":"publish","type":"product","link":"https:\/\/b2b.pfellas.lt\/index.php\/product\/veidrodeliu-gaubtai-m-stiliaus-x3-g01-x4-g02-x5-g05-x6-g06-juodi-blizgus\/","title":{"rendered":"Veidrod\u0117li\u0173 gaubtai m stiliaus X3 G01, X4 G02, X5 G05, X6 G06 juodi blizg\u016bs"},"content":{"rendered":"<p>Juodi Blizg\u016bs M Stiliaus veidrod\u0117li\u0173 dangteliai<\/p>\n<p>Tinka BMW X3 G01 modeliams<br \/>\nTinka BMW X4 G02 modeliams<br \/>\nTinka BMW X5 G05 modeliams<br \/>\nTinka BMW X6 G06 modeliams<\/p>\n<p>Pagaminti i\u0161 ABS Plastmas\u0117s<br \/>\nDangteliai nuda\u017eyti. Juodi blizg\u016bs<\/p>\n","protected":false},"excerpt":{"rendered":"<p>Juodi Blizg\u016bs M Stiliaus veidrod\u0117li\u0173 dangteliai Tinka BMW X3 G01 modeliams Tinka BMW X4 G02 modeliams Tinka BMW X5 G05 modeliams Tinka BMW X6 G06 modeliams Pagaminti i\u0161 ABS Plastmas\u0117s Dangteliai nuda\u017eyti. Juodi blizg\u016bs<\/p>\n","protected":false},"featured_media":98715,"comment_status":"open","ping_status":"closed","template":"","meta":[],"product_cat":[2954,2958,2973,2971,2965,2968],"product_tag":[],"class_list":{"0":"post-98716","1":"product","2":"type-product","3":"status-publish","4":"has-post-thumbnail","6":"product_cat-bmw","7":"product_cat-veidrodeliu-gaubtai","8":"product_cat-x3-g01-17","9":"product_cat-x4-g02-18","10":"product_cat-x5-g05-19","11":"product_cat-x6-g06-20","12":"pa_make-bmw","13":"pa_make-x3-g01","14":"pa_make-x4-g02","15":"pa_make-x5-g05","16":"pa_make-x6-g06","18":"first","19":"instock","20":"taxable","21":"shipping-taxable","22":"purchasable","23":"product-type-simple"},"jetpack_sharing_enabled":true,"_links":{"self":[{"href":"https:\/\/b2b.pfellas.lt\/index.php\/wp-json\/wp\/v2\/product\/98716"}],"collection":[{"href":"https:\/\/b2b.pfellas.lt\/index.php\/wp-json\/wp\/v2\/product"}],"about":[{"href":"https:\/\/b2b.pfellas.lt\/index.php\/wp-json\/wp\/v2\/types\/product"}],"replies":[{"embeddable":true,"href":"https:\/\/b2b.pfellas.lt\/index.php\/wp-json\/wp\/v2\/comments?post=98716"}],"wp:featuredmedia":[{"embeddable":true,"href":"https:\/\/b2b.pfellas.lt\/index.php\/wp-json\/wp\/v2\/media\/98715"}],"wp:attachment":[{"href":"https:\/\/b2b.pfellas.lt\/index.php\/wp-json\/wp\/v2\/media?parent=98716"}],"wp:term":[{"taxonomy":"product_cat","embeddable":true,"href":"https:\/\/b2b.pfellas.lt\/index.php\/wp-json\/wp\/v2\/product_cat?post=98716"},{"taxonomy":"product_tag","embeddable":true,"href":"https:\/\/b2b.pfellas.lt\/index.php\/wp-json\/wp\/v2\/product_tag?post=98716"}],"curies":[{"name":"wp","href":"https:\/\/api.w.org\/{rel}","templated":true}]}}