{"id":98727,"date":"2024-09-25T15:55:05","date_gmt":"2024-09-25T13:55:05","guid":{"rendered":"https:\/\/b2b.pfellas.lt\/index.php\/product\/poslenksciai-performance-bmw-3-e90-e91-e92-e93-juodi-blizgus\/"},"modified":"2024-09-25T16:33:48","modified_gmt":"2024-09-25T14:33:48","slug":"poslenksciai-performance-bmw-3-e90-e91-e92-e93-juodi-blizgus","status":"publish","type":"product","link":"https:\/\/b2b.pfellas.lt\/index.php\/product\/poslenksciai-performance-bmw-3-e90-e91-e92-e93-juodi-blizgus\/","title":{"rendered":"Poslenks\u010diai performance BMW 3 E90\/E91\/E92\/E93 juodi blizg\u016bs"},"content":{"rendered":"<ul>\n<li>Slenks\u010di\u0173 apdailos, spoileriaiTinka visiems 3 Serijos BMW E90, E91, E92, E93 modeliams<br \/>\nKomplekte su var\u017etais<br \/>\nGamykli\u0161kai nuda\u017eyti juoda blizgia spalvaSlenks\u010di\u0173 spoileriai pagaminti i\u0161 plastmas\u0117s<\/li>\n<\/ul>\n","protected":false},"excerpt":{"rendered":"<p>Slenks\u010di\u0173 apdailos, spoileriaiTinka visiems 3 Serijos BMW E90, E91, E92, E93 modeliams Komplekte su var\u017etais Gamykli\u0161kai nuda\u017eyti juoda blizgia spalvaSlenks\u010di\u0173 spoileriai pagaminti i\u0161 plastmas\u0117s<\/p>\n","protected":false},"featured_media":98726,"comment_status":"open","ping_status":"closed","template":"","meta":[],"product_cat":[2988,2989,2954,2619],"product_tag":[],"class_list":{"0":"post-98727","1":"product","2":"type-product","3":"status-publish","4":"has-post-thumbnail","6":"product_cat-3-e90-e91-05-11","7":"product_cat-3-e92-e93-06-12","8":"product_cat-bmw","9":"product_cat-slenksciu-apdailos","10":"pa_make-3-e90-2","11":"pa_make-3-e92-2","12":"pa_make-bmw","14":"first","15":"instock","16":"taxable","17":"shipping-taxable","18":"purchasable","19":"product-type-simple"},"jetpack_sharing_enabled":true,"_links":{"self":[{"href":"https:\/\/b2b.pfellas.lt\/index.php\/wp-json\/wp\/v2\/product\/98727"}],"collection":[{"href":"https:\/\/b2b.pfellas.lt\/index.php\/wp-json\/wp\/v2\/product"}],"about":[{"href":"https:\/\/b2b.pfellas.lt\/index.php\/wp-json\/wp\/v2\/types\/product"}],"replies":[{"embeddable":true,"href":"https:\/\/b2b.pfellas.lt\/index.php\/wp-json\/wp\/v2\/comments?post=98727"}],"wp:featuredmedia":[{"embeddable":true,"href":"https:\/\/b2b.pfellas.lt\/index.php\/wp-json\/wp\/v2\/media\/98726"}],"wp:attachment":[{"href":"https:\/\/b2b.pfellas.lt\/index.php\/wp-json\/wp\/v2\/media?parent=98727"}],"wp:term":[{"taxonomy":"product_cat","embeddable":true,"href":"https:\/\/b2b.pfellas.lt\/index.php\/wp-json\/wp\/v2\/product_cat?post=98727"},{"taxonomy":"product_tag","embeddable":true,"href":"https:\/\/b2b.pfellas.lt\/index.php\/wp-json\/wp\/v2\/product_tag?post=98727"}],"curies":[{"name":"wp","href":"https:\/\/api.w.org\/{rel}","templated":true}]}}