{"id":98729,"date":"2024-09-25T15:55:07","date_gmt":"2024-09-25T13:55:07","guid":{"rendered":"https:\/\/b2b.pfellas.lt\/index.php\/product\/performance-pilnas-papildomu-apdailu-komplektas-bmw-3-g20-lci-2022-06-m-sport-m340i-stiliaus\/"},"modified":"2024-09-25T16:34:10","modified_gmt":"2024-09-25T14:34:10","slug":"performance-pilnas-papildomu-apdailu-komplektas-bmw-3-g20-lci-2022-06-m-sport-m340i-stiliaus","status":"publish","type":"product","link":"https:\/\/b2b.pfellas.lt\/index.php\/product\/performance-pilnas-papildomu-apdailu-komplektas-bmw-3-g20-lci-2022-06-m-sport-m340i-stiliaus\/","title":{"rendered":"Performance pilnas papildom\u0173 apdail\u0173 komplektas BMW 3 G20 LCI (2022.06-) M Sport M340i stiliaus"},"content":{"rendered":"<div id=\"description\" class=\"tab-pane in active\">\n<div class=\"product-description\">\n<div class=\"rte-content\">\n<p>M340i Stiliaus Performance Aero komplektas skirtas M Sport modeliams<\/p>\n<p>\u00bb Tinka 3 Serijos BMW G20 Facelift (LCI) modeliams pagamintiems po 2022.06 ir SU M Sport paketu (M Sport buferiais)<br \/>\n\u00bb Tinka 3 Serijos BMW G20 M340i Facelift modeliams<\/p>\n<p>Komplekt\u0105 sudaro:<br \/>\n\u2022 Performance Juodos blizgios grotel\u0117s<br \/>\n\u2022 Performance Priekinio buferio spoileris<br \/>\n\u2022 Performance Apdailos po slenks\u010diais<br \/>\n\u2022 Performance Galinio buferio difuzorius su laikikliais M340i antgaliams<br \/>\n\u2022 M340i Stiliaus Duslintuvo antgaliai<br \/>\n\u2022 Performance Baga\u017ein\u0117s spoileris<\/p>\n<p>Detal\u0117s gamykli\u0161kai nuda\u017eytos juoda blizgia spalva<\/p>\n<\/div>\n<\/div>\n<\/div>\n","protected":false},"excerpt":{"rendered":"<p>M340i Stiliaus Performance Aero komplektas skirtas M Sport modeliams \u00bb Tinka 3 Serijos BMW G20 Facelift (LCI) modeliams pagamintiems po 2022.06 ir SU M Sport paketu (M Sport buferiais) \u00bb Tinka 3 Serijos BMW G20 M340i Facelift modeliams Komplekt\u0105 sudaro: \u2022 Performance Juodos blizgios grotel\u0117s \u2022 Performance Priekinio buferio spoileris \u2022 Performance Apdailos po slenks\u010diais<\/p>\n<div class=\"klb-readmore button\"><a class=\"btn link\" href=\"https:\/\/b2b.pfellas.lt\/index.php\/product\/performance-pilnas-papildomu-apdailu-komplektas-bmw-3-g20-lci-2022-06-m-sport-m340i-stiliaus\/\">Read More <i class=\"klbth-icon-right-arrow\"><\/i><\/a><\/div>\n","protected":false},"featured_media":98728,"comment_status":"open","ping_status":"closed","template":"","meta":[],"product_cat":[2993,2927,2954],"product_tag":[],"class_list":{"0":"post-98729","1":"product","2":"type-product","3":"status-publish","4":"has-post-thumbnail","6":"product_cat-4-g22-g26-20","7":"product_cat-apdailu-komplektas","8":"product_cat-bmw","9":"pa_make-3-g20-2","10":"pa_make-bmw","12":"first","13":"instock","14":"taxable","15":"shipping-taxable","16":"purchasable","17":"product-type-simple"},"jetpack_sharing_enabled":true,"_links":{"self":[{"href":"https:\/\/b2b.pfellas.lt\/index.php\/wp-json\/wp\/v2\/product\/98729"}],"collection":[{"href":"https:\/\/b2b.pfellas.lt\/index.php\/wp-json\/wp\/v2\/product"}],"about":[{"href":"https:\/\/b2b.pfellas.lt\/index.php\/wp-json\/wp\/v2\/types\/product"}],"replies":[{"embeddable":true,"href":"https:\/\/b2b.pfellas.lt\/index.php\/wp-json\/wp\/v2\/comments?post=98729"}],"wp:featuredmedia":[{"embeddable":true,"href":"https:\/\/b2b.pfellas.lt\/index.php\/wp-json\/wp\/v2\/media\/98728"}],"wp:attachment":[{"href":"https:\/\/b2b.pfellas.lt\/index.php\/wp-json\/wp\/v2\/media?parent=98729"}],"wp:term":[{"taxonomy":"product_cat","embeddable":true,"href":"https:\/\/b2b.pfellas.lt\/index.php\/wp-json\/wp\/v2\/product_cat?post=98729"},{"taxonomy":"product_tag","embeddable":true,"href":"https:\/\/b2b.pfellas.lt\/index.php\/wp-json\/wp\/v2\/product_tag?post=98729"}],"curies":[{"name":"wp","href":"https:\/\/api.w.org\/{rel}","templated":true}]}}