{"id":98736,"date":"2024-09-25T15:55:16","date_gmt":"2024-09-25T13:55:16","guid":{"rendered":"https:\/\/b2b.pfellas.lt\/index.php\/product\/psm-stiliaus-bagazines-spoileris-bmw-f13-coupe-f06-gran-coupe-modeliams\/"},"modified":"2024-09-30T16:17:54","modified_gmt":"2024-09-30T14:17:54","slug":"psm-stiliaus-bagazines-spoileris-bmw-f13-coupe-f06-gran-coupe-modeliams","status":"publish","type":"product","link":"https:\/\/b2b.pfellas.lt\/index.php\/product\/psm-stiliaus-bagazines-spoileris-bmw-f13-coupe-f06-gran-coupe-modeliams\/","title":{"rendered":"PSM Stiliaus baga\u017ein\u0117s spoileris BMW F13 Coupe, F06 Gran Coupe modeliams"},"content":{"rendered":"<div id=\"description\" class=\"tab-pane in active\">\n<div class=\"product-description\">\n<div class=\"rte-content\">\n<div id=\"description\" class=\"tab-pane in active\">\n<div class=\"product-description\">\n<div class=\"rte-content\">\n<p>Juodas blizgus PSM Stiliaus baga\u017ein\u0117s spoileris<\/p>\n<p><strong>Tinka \u0161iems modeliams:<\/strong><br \/>\n\u2022 6 Serijos BMW F13 Coupe modeliams<br \/>\n\u2022 6 Serijos BMW F06 Gran Coupe modeliams<\/p>\n<p><strong>Netinka \u0161iems modeliams:<\/strong><br \/>\n\u2022 6 Serijos BMW F12 Kabrioleto modeliams su M Sport buferiais<\/p>\n<p>\u00bb Spoileris nuda\u017eytas juoda blizgia spalva.<br \/>\n\u00bb Detal\u0117 pagaminta i\u0161 plastmas\u0117s<br \/>\n\u00bb Gamintojas: Kinija<\/p>\n<\/div>\n<\/div>\n<\/div>\n<\/div>\n<\/div>\n<\/div>\n","protected":false},"excerpt":{"rendered":"<p>Juodas blizgus PSM Stiliaus baga\u017ein\u0117s spoileris Tinka \u0161iems modeliams: \u2022 6 Serijos BMW F13 Coupe modeliams \u2022 6 Serijos BMW F06 Gran Coupe modeliams Netinka \u0161iems modeliams: \u2022 6 Serijos BMW F12 Kabrioleto modeliams su M Sport buferiais \u00bb Spoileris nuda\u017eytas juoda blizgia spalva. \u00bb Detal\u0117 pagaminta i\u0161 plastmas\u0117s \u00bb Gamintojas: Kinija<\/p>\n","protected":false},"featured_media":98735,"comment_status":"open","ping_status":"closed","template":"","meta":[],"product_cat":[2984,2623,2954],"product_tag":[],"class_list":{"0":"post-98736","1":"product","2":"type-product","3":"status-publish","4":"has-post-thumbnail","6":"product_cat-6-f06-f12-f13-11-18","7":"product_cat-bagazines-apdailos","8":"product_cat-bmw","9":"pa_make-6-f06","10":"pa_make-bmw","12":"first","13":"instock","14":"taxable","15":"shipping-taxable","16":"purchasable","17":"product-type-simple"},"jetpack_sharing_enabled":true,"_links":{"self":[{"href":"https:\/\/b2b.pfellas.lt\/index.php\/wp-json\/wp\/v2\/product\/98736"}],"collection":[{"href":"https:\/\/b2b.pfellas.lt\/index.php\/wp-json\/wp\/v2\/product"}],"about":[{"href":"https:\/\/b2b.pfellas.lt\/index.php\/wp-json\/wp\/v2\/types\/product"}],"replies":[{"embeddable":true,"href":"https:\/\/b2b.pfellas.lt\/index.php\/wp-json\/wp\/v2\/comments?post=98736"}],"wp:featuredmedia":[{"embeddable":true,"href":"https:\/\/b2b.pfellas.lt\/index.php\/wp-json\/wp\/v2\/media\/98735"}],"wp:attachment":[{"href":"https:\/\/b2b.pfellas.lt\/index.php\/wp-json\/wp\/v2\/media?parent=98736"}],"wp:term":[{"taxonomy":"product_cat","embeddable":true,"href":"https:\/\/b2b.pfellas.lt\/index.php\/wp-json\/wp\/v2\/product_cat?post=98736"},{"taxonomy":"product_tag","embeddable":true,"href":"https:\/\/b2b.pfellas.lt\/index.php\/wp-json\/wp\/v2\/product_tag?post=98736"}],"curies":[{"name":"wp","href":"https:\/\/api.w.org\/{rel}","templated":true}]}}