{"id":98738,"date":"2024-09-25T15:55:19","date_gmt":"2024-09-25T13:55:19","guid":{"rendered":"https:\/\/b2b.pfellas.lt\/index.php\/product\/galinis-difuzorius-ds-stiliaus-bmw-3-g20-juodas-blizgus\/"},"modified":"2024-09-25T16:38:00","modified_gmt":"2024-09-25T14:38:00","slug":"galinis-difuzorius-ds-stiliaus-bmw-3-g20-juodas-blizgus","status":"publish","type":"product","link":"https:\/\/b2b.pfellas.lt\/index.php\/product\/galinis-difuzorius-ds-stiliaus-bmw-3-g20-juodas-blizgus\/","title":{"rendered":"Galinis difuzorius DS stiliaus BMW 3 G20 juodas blizgus"},"content":{"rendered":"<div id=\"description\" class=\"tab-pane in active\">\n<div class=\"product-description\">\n<div class=\"rte-content\">\n<p>DS stiliaus galinio buferio difuzorius<\/p>\n<p><strong>Tinka \u0161iems modeliams:<\/strong><br \/>\n\u2022 3 Serijos BMW G20, G21 modeliams pagamintiems nuo 2018 iki 2022 met\u0173 SU M Sport galiniu buferiu<\/p>\n<p><strong>Netinka \u0161iems modeliams:<\/strong><br \/>\n\u2022 3 Serijos BMW G20 M340i modeliams. Netinka d\u0117l galiniu antgaliu. Antgaliai per dideli \u0161iam difuzoriui<br \/>\n\u2022 3 Serijos BMW G20, G21 LCI (Facelift) modeliams pagamintiems po 2022 met\u0173. Skiriasi galinio buferio forma.<\/p>\n<p>\u00bb Spoileris nuda\u017eytas juoda blizgia spalva.<br \/>\n\u00bb Detal\u0117 pagaminta i\u0161 plastmas\u0117s<br \/>\n\u00bb Gamintojas: Kinija<\/p>\n<\/div>\n<\/div>\n<\/div>\n","protected":false},"excerpt":{"rendered":"<p>DS stiliaus galinio buferio difuzorius Tinka \u0161iems modeliams: \u2022 3 Serijos BMW G20, G21 modeliams pagamintiems nuo 2018 iki 2022 met\u0173 SU M Sport galiniu buferiu Netinka \u0161iems modeliams: \u2022 3 Serijos BMW G20 M340i modeliams. Netinka d\u0117l galiniu antgaliu. Antgaliai per dideli \u0161iam difuzoriui \u2022 3 Serijos BMW G20, G21 LCI (Facelift) modeliams pagamintiems<\/p>\n<div class=\"klb-readmore button\"><a class=\"btn link\" href=\"https:\/\/b2b.pfellas.lt\/index.php\/product\/galinis-difuzorius-ds-stiliaus-bmw-3-g20-juodas-blizgus\/\">Read More <i class=\"klbth-icon-right-arrow\"><\/i><\/a><\/div>\n","protected":false},"featured_media":98737,"comment_status":"open","ping_status":"closed","template":"","meta":[],"product_cat":[2987,2954,2621],"product_tag":[],"class_list":{"0":"post-98738","1":"product","2":"type-product","3":"status-publish","4":"has-post-thumbnail","6":"product_cat-3-g20-g21-18","7":"product_cat-bmw","8":"product_cat-galinio-bamperio-difuzoriai","9":"pa_make-3-g20-2","10":"pa_make-bmw","12":"first","13":"instock","14":"taxable","15":"shipping-taxable","16":"purchasable","17":"product-type-simple"},"jetpack_sharing_enabled":true,"_links":{"self":[{"href":"https:\/\/b2b.pfellas.lt\/index.php\/wp-json\/wp\/v2\/product\/98738"}],"collection":[{"href":"https:\/\/b2b.pfellas.lt\/index.php\/wp-json\/wp\/v2\/product"}],"about":[{"href":"https:\/\/b2b.pfellas.lt\/index.php\/wp-json\/wp\/v2\/types\/product"}],"replies":[{"embeddable":true,"href":"https:\/\/b2b.pfellas.lt\/index.php\/wp-json\/wp\/v2\/comments?post=98738"}],"wp:featuredmedia":[{"embeddable":true,"href":"https:\/\/b2b.pfellas.lt\/index.php\/wp-json\/wp\/v2\/media\/98737"}],"wp:attachment":[{"href":"https:\/\/b2b.pfellas.lt\/index.php\/wp-json\/wp\/v2\/media?parent=98738"}],"wp:term":[{"taxonomy":"product_cat","embeddable":true,"href":"https:\/\/b2b.pfellas.lt\/index.php\/wp-json\/wp\/v2\/product_cat?post=98738"},{"taxonomy":"product_tag","embeddable":true,"href":"https:\/\/b2b.pfellas.lt\/index.php\/wp-json\/wp\/v2\/product_tag?post=98738"}],"curies":[{"name":"wp","href":"https:\/\/api.w.org\/{rel}","templated":true}]}}