{"id":98741,"date":"2024-09-25T15:55:23","date_gmt":"2024-09-25T13:55:23","guid":{"rendered":"https:\/\/b2b.pfellas.lt\/index.php\/product\/m340i-performance-competition-galinio-buferio-difuzorius-bmw-g20\/"},"modified":"2024-09-25T16:38:29","modified_gmt":"2024-09-25T14:38:29","slug":"m340i-performance-competition-galinio-buferio-difuzorius-bmw-g20","status":"publish","type":"product","link":"https:\/\/b2b.pfellas.lt\/index.php\/product\/m340i-performance-competition-galinio-buferio-difuzorius-bmw-g20\/","title":{"rendered":"M340i Performance Competition galinio buferio difuzorius BMW G20"},"content":{"rendered":"<div id=\"description\" class=\"tab-pane in active\">\n<div class=\"product-description\">\n<div class=\"rte-content\">\n<div id=\"description\" class=\"tab-pane in active\">\n<div class=\"product-description\">\n<div class=\"rte-content\">\n<p>M340i Performance-Competition Galinio buferio difuzorius<\/p>\n<p>\u00bb Tinka visiems 3 Serijos BMW G20, G21\u00a0modeliams su M Sport galiniu buferiu<br \/>\n\u00bb Netinka modeliams su paprastu galiniu buferiu<\/p>\n<p>\u2022 Juodos\u00a0blizgios\u00a0spalvos<\/p>\n<p>Difuzorius pagamintas i\u0161 plastmas\u0117s, kuri\u0105 naudoja originali\u0173 detali\u0173 gamintojai<\/p>\n<p>\u0160is difuzorius neoriginalus<\/p>\n<\/div>\n<\/div>\n<\/div>\n<\/div>\n<\/div>\n<\/div>\n","protected":false},"excerpt":{"rendered":"<p>M340i Performance-Competition Galinio buferio difuzorius \u00bb Tinka visiems 3 Serijos BMW G20, G21\u00a0modeliams su M Sport galiniu buferiu \u00bb Netinka modeliams su paprastu galiniu buferiu \u2022 Juodos\u00a0blizgios\u00a0spalvos Difuzorius pagamintas i\u0161 plastmas\u0117s, kuri\u0105 naudoja originali\u0173 detali\u0173 gamintojai \u0160is difuzorius neoriginalus<\/p>\n","protected":false},"featured_media":98740,"comment_status":"open","ping_status":"closed","template":"","meta":[],"product_cat":[2987,2954,2621],"product_tag":[],"class_list":{"0":"post-98741","1":"product","2":"type-product","3":"status-publish","4":"has-post-thumbnail","6":"product_cat-3-g20-g21-18","7":"product_cat-bmw","8":"product_cat-galinio-bamperio-difuzoriai","9":"pa_make-3-g20-2","10":"pa_make-bmw","12":"first","13":"instock","14":"sale","15":"taxable","16":"shipping-taxable","17":"purchasable","18":"product-type-simple"},"jetpack_sharing_enabled":true,"_links":{"self":[{"href":"https:\/\/b2b.pfellas.lt\/index.php\/wp-json\/wp\/v2\/product\/98741"}],"collection":[{"href":"https:\/\/b2b.pfellas.lt\/index.php\/wp-json\/wp\/v2\/product"}],"about":[{"href":"https:\/\/b2b.pfellas.lt\/index.php\/wp-json\/wp\/v2\/types\/product"}],"replies":[{"embeddable":true,"href":"https:\/\/b2b.pfellas.lt\/index.php\/wp-json\/wp\/v2\/comments?post=98741"}],"wp:featuredmedia":[{"embeddable":true,"href":"https:\/\/b2b.pfellas.lt\/index.php\/wp-json\/wp\/v2\/media\/98740"}],"wp:attachment":[{"href":"https:\/\/b2b.pfellas.lt\/index.php\/wp-json\/wp\/v2\/media?parent=98741"}],"wp:term":[{"taxonomy":"product_cat","embeddable":true,"href":"https:\/\/b2b.pfellas.lt\/index.php\/wp-json\/wp\/v2\/product_cat?post=98741"},{"taxonomy":"product_tag","embeddable":true,"href":"https:\/\/b2b.pfellas.lt\/index.php\/wp-json\/wp\/v2\/product_tag?post=98741"}],"curies":[{"name":"wp","href":"https:\/\/api.w.org\/{rel}","templated":true}]}}