{"id":98761,"date":"2024-09-25T15:55:52","date_gmt":"2024-09-25T13:55:52","guid":{"rendered":"https:\/\/b2b.pfellas.lt\/index.php\/product\/v2-performance-bagazines-spoileris-tinkantis-bmw-3-g20-juodas-blizgus\/"},"modified":"2024-09-25T16:42:56","modified_gmt":"2024-09-25T14:42:56","slug":"v2-performance-bagazines-spoileris-tinkantis-bmw-3-g20-juodas-blizgus","status":"publish","type":"product","link":"https:\/\/b2b.pfellas.lt\/index.php\/product\/v2-performance-bagazines-spoileris-tinkantis-bmw-3-g20-juodas-blizgus\/","title":{"rendered":"V2 Performance baga\u017ein\u0117s spoileris tinkantis BMW 3 G20 juodas blizgus"},"content":{"rendered":"<p>Performance V2 baga\u017ein\u0117s spoileris<\/p>\n<p>\u00bb Tinka visiems 3 Serijos BMW G20 modeliams<br \/>\n\u00bb Netinka BMW G21 Universalo modeliams<\/p>\n<p>Baga\u017ein\u0117s spoileris neda\u017eytas. Juodos plastmas\u0117s<br \/>\nPagamintas i\u0161 ABS plastmas\u0117s<\/p>\n","protected":false},"excerpt":{"rendered":"<p>Performance V2 baga\u017ein\u0117s spoileris \u00bb Tinka visiems 3 Serijos BMW G20 modeliams \u00bb Netinka BMW G21 Universalo modeliams Baga\u017ein\u0117s spoileris neda\u017eytas. Juodos plastmas\u0117s Pagamintas i\u0161 ABS plastmas\u0117s<\/p>\n","protected":false},"featured_media":98760,"comment_status":"open","ping_status":"closed","template":"","meta":[],"product_cat":[2987,2623,2954],"product_tag":[],"class_list":{"0":"post-98761","1":"product","2":"type-product","3":"status-publish","4":"has-post-thumbnail","6":"product_cat-3-g20-g21-18","7":"product_cat-bagazines-apdailos","8":"product_cat-bmw","9":"pa_make-3-g20-2","10":"pa_make-bmw","12":"first","13":"instock","14":"taxable","15":"shipping-taxable","16":"purchasable","17":"product-type-simple"},"jetpack_sharing_enabled":true,"_links":{"self":[{"href":"https:\/\/b2b.pfellas.lt\/index.php\/wp-json\/wp\/v2\/product\/98761"}],"collection":[{"href":"https:\/\/b2b.pfellas.lt\/index.php\/wp-json\/wp\/v2\/product"}],"about":[{"href":"https:\/\/b2b.pfellas.lt\/index.php\/wp-json\/wp\/v2\/types\/product"}],"replies":[{"embeddable":true,"href":"https:\/\/b2b.pfellas.lt\/index.php\/wp-json\/wp\/v2\/comments?post=98761"}],"wp:featuredmedia":[{"embeddable":true,"href":"https:\/\/b2b.pfellas.lt\/index.php\/wp-json\/wp\/v2\/media\/98760"}],"wp:attachment":[{"href":"https:\/\/b2b.pfellas.lt\/index.php\/wp-json\/wp\/v2\/media?parent=98761"}],"wp:term":[{"taxonomy":"product_cat","embeddable":true,"href":"https:\/\/b2b.pfellas.lt\/index.php\/wp-json\/wp\/v2\/product_cat?post=98761"},{"taxonomy":"product_tag","embeddable":true,"href":"https:\/\/b2b.pfellas.lt\/index.php\/wp-json\/wp\/v2\/product_tag?post=98761"}],"curies":[{"name":"wp","href":"https:\/\/api.w.org\/{rel}","templated":true}]}}