{"id":98770,"date":"2024-09-25T15:56:06","date_gmt":"2024-09-25T13:56:06","guid":{"rendered":"https:\/\/b2b.pfellas.lt\/index.php\/product\/bamperio-groteles-bmw-g30-g31-lci-20-juodos-blizgios\/"},"modified":"2024-09-25T16:45:31","modified_gmt":"2024-09-25T14:45:31","slug":"bamperio-groteles-bmw-g30-g31-lci-20-juodos-blizgios","status":"publish","type":"product","link":"https:\/\/b2b.pfellas.lt\/index.php\/product\/bamperio-groteles-bmw-g30-g31-lci-20-juodos-blizgios\/","title":{"rendered":"Bamperio grotel\u0117s BMW G30\/G31 LCI 20- juodos blizgios"},"content":{"rendered":"<p>Juodos blizgios priekinio buferio grotel\u0117s<\/p>\n<p>Tinka \u0161iems modeliams:<br \/>\nTinka visiems 5 Serijos BMW G30, G31 modeliams pagamintiems nuo 2020.07<\/p>\n<p>Netinka \u0161iems modeliams:<br \/>\nNetinka modeliams su Night Vision kamera<br \/>\nNetinka 5 Serijos BMW G30, G31 PRE LCI modeliams pagamintiems iki 2020.07<\/p>\n<p>Informacija:<br \/>\n\u2022 Juodos blizgios spalvos<br \/>\n\u2022 Kaina nurodyta u\u017e komplekt\u0105<\/p>\n","protected":false},"excerpt":{"rendered":"<p>Juodos blizgios priekinio buferio grotel\u0117s Tinka \u0161iems modeliams: Tinka visiems 5 Serijos BMW G30, G31 modeliams pagamintiems nuo 2020.07 Netinka \u0161iems modeliams: Netinka modeliams su Night Vision kamera Netinka 5 Serijos BMW G30, G31 PRE LCI modeliams pagamintiems iki 2020.07 Informacija: \u2022 Juodos blizgios spalvos \u2022 Kaina nurodyta u\u017e komplekt\u0105<\/p>\n","protected":false},"featured_media":98769,"comment_status":"open","ping_status":"closed","template":"","meta":[],"product_cat":[2961,2954,2935],"product_tag":[],"class_list":{"0":"post-98770","1":"product","2":"type-product","3":"status-publish","4":"has-post-thumbnail","6":"product_cat-5-g30-g31-17","7":"product_cat-bmw","8":"product_cat-priekinio-bamperio-groteles","9":"pa_make-5-g30","10":"pa_make-bmw","12":"first","13":"instock","14":"taxable","15":"shipping-taxable","16":"purchasable","17":"product-type-simple"},"jetpack_sharing_enabled":true,"_links":{"self":[{"href":"https:\/\/b2b.pfellas.lt\/index.php\/wp-json\/wp\/v2\/product\/98770"}],"collection":[{"href":"https:\/\/b2b.pfellas.lt\/index.php\/wp-json\/wp\/v2\/product"}],"about":[{"href":"https:\/\/b2b.pfellas.lt\/index.php\/wp-json\/wp\/v2\/types\/product"}],"replies":[{"embeddable":true,"href":"https:\/\/b2b.pfellas.lt\/index.php\/wp-json\/wp\/v2\/comments?post=98770"}],"wp:featuredmedia":[{"embeddable":true,"href":"https:\/\/b2b.pfellas.lt\/index.php\/wp-json\/wp\/v2\/media\/98769"}],"wp:attachment":[{"href":"https:\/\/b2b.pfellas.lt\/index.php\/wp-json\/wp\/v2\/media?parent=98770"}],"wp:term":[{"taxonomy":"product_cat","embeddable":true,"href":"https:\/\/b2b.pfellas.lt\/index.php\/wp-json\/wp\/v2\/product_cat?post=98770"},{"taxonomy":"product_tag","embeddable":true,"href":"https:\/\/b2b.pfellas.lt\/index.php\/wp-json\/wp\/v2\/product_tag?post=98770"}],"curies":[{"name":"wp","href":"https:\/\/api.w.org\/{rel}","templated":true}]}}