{"id":98776,"date":"2024-09-25T15:56:15","date_gmt":"2024-09-25T13:56:15","guid":{"rendered":"https:\/\/b2b.pfellas.lt\/index.php\/product\/bamperio-groteles-bmw-g11-g12-nuo-2015-iki-2020-blizgios-juodos\/"},"modified":"2024-09-25T16:47:16","modified_gmt":"2024-09-25T14:47:16","slug":"bamperio-groteles-bmw-g11-g12-nuo-2015-iki-2020-blizgios-juodos","status":"publish","type":"product","link":"https:\/\/b2b.pfellas.lt\/index.php\/product\/bamperio-groteles-bmw-g11-g12-nuo-2015-iki-2020-blizgios-juodos\/","title":{"rendered":"Bamperio grotel\u0117s BMW G11\/G12 nuo 2015 iki 2020 blizgios Juodos"},"content":{"rendered":"<p>Juodi Blizgios priekinio buferio grotel\u0117s<\/p>\n<p>\u00bb Tinka 7 Serijos BMW G11, G12 modeliams pagamintiems nuo 2015 iki 2020 met\u0173<br \/>\n\u00bb Netinka 7 Serijos BMW G11, G12 Facelift modeliams<\/p>\n<p>Tinka visiems buferiams<\/p>\n<p>Pagaminti i\u0161 ABS Plastmas\u0117s<br \/>\nGrotel\u0117s\u00a0nuda\u017eytos juoda blizgia spalva<\/p>\n","protected":false},"excerpt":{"rendered":"<p>Juodi Blizgios priekinio buferio grotel\u0117s \u00bb Tinka 7 Serijos BMW G11, G12 modeliams pagamintiems nuo 2015 iki 2020 met\u0173 \u00bb Netinka 7 Serijos BMW G11, G12 Facelift modeliams Tinka visiems buferiams Pagaminti i\u0161 ABS Plastmas\u0117s Grotel\u0117s\u00a0nuda\u017eytos juoda blizgia spalva<\/p>\n","protected":false},"featured_media":98775,"comment_status":"open","ping_status":"closed","template":"","meta":[],"product_cat":[2963,2954,2935],"product_tag":[],"class_list":{"0":"post-98776","1":"product","2":"type-product","3":"status-publish","4":"has-post-thumbnail","6":"product_cat-7-g11-g12-15-22","7":"product_cat-bmw","8":"product_cat-priekinio-bamperio-groteles","9":"pa_make-7-g11","10":"pa_make-7-g12","11":"pa_make-bmw","13":"first","14":"instock","15":"taxable","16":"shipping-taxable","17":"purchasable","18":"product-type-simple"},"jetpack_sharing_enabled":true,"_links":{"self":[{"href":"https:\/\/b2b.pfellas.lt\/index.php\/wp-json\/wp\/v2\/product\/98776"}],"collection":[{"href":"https:\/\/b2b.pfellas.lt\/index.php\/wp-json\/wp\/v2\/product"}],"about":[{"href":"https:\/\/b2b.pfellas.lt\/index.php\/wp-json\/wp\/v2\/types\/product"}],"replies":[{"embeddable":true,"href":"https:\/\/b2b.pfellas.lt\/index.php\/wp-json\/wp\/v2\/comments?post=98776"}],"wp:featuredmedia":[{"embeddable":true,"href":"https:\/\/b2b.pfellas.lt\/index.php\/wp-json\/wp\/v2\/media\/98775"}],"wp:attachment":[{"href":"https:\/\/b2b.pfellas.lt\/index.php\/wp-json\/wp\/v2\/media?parent=98776"}],"wp:term":[{"taxonomy":"product_cat","embeddable":true,"href":"https:\/\/b2b.pfellas.lt\/index.php\/wp-json\/wp\/v2\/product_cat?post=98776"},{"taxonomy":"product_tag","embeddable":true,"href":"https:\/\/b2b.pfellas.lt\/index.php\/wp-json\/wp\/v2\/product_tag?post=98776"}],"curies":[{"name":"wp","href":"https:\/\/api.w.org\/{rel}","templated":true}]}}