{"id":98785,"date":"2024-09-25T15:56:31","date_gmt":"2024-09-25T13:56:31","guid":{"rendered":"https:\/\/b2b.pfellas.lt\/index.php\/product\/priekiniu-sparnu-apdailos-bmw-x5-f15-modeliams-juodos-blizgios\/"},"modified":"2024-09-25T16:50:43","modified_gmt":"2024-09-25T14:50:43","slug":"priekiniu-sparnu-apdailos-bmw-x5-f15-modeliams-juodos-blizgios","status":"publish","type":"product","link":"https:\/\/b2b.pfellas.lt\/index.php\/product\/priekiniu-sparnu-apdailos-bmw-x5-f15-modeliams-juodos-blizgios\/","title":{"rendered":"Priekini\u0173 sparn\u0173 apdailos BMW X5 F15 modeliams Juodos blizgios"},"content":{"rendered":"<ul>\n<li>\n<div id=\"description\" class=\"tab-pane in active\">\n<div class=\"product-description\">\n<div class=\"rte-content\">Juodos blizgios priekini\u0173 sparn\u0173 apdailos<\/div>\n<div><\/div>\n<div class=\"rte-content\">Tinka BMW X5 F15 modeliams<\/div>\n<div class=\"rte-content\">\n<p>Netinka BMW X5 F85 X5M modeliams<\/p>\n<p>Komplekt\u0105 sudaro dvi apdailos<\/p>\n<\/div>\n<\/div>\n<\/div>\n<\/li>\n<\/ul>\n","protected":false},"excerpt":{"rendered":"<p>Juodos blizgios priekini\u0173 sparn\u0173 apdailos Tinka BMW X5 F15 modeliams Netinka BMW X5 F85 X5M modeliams Komplekt\u0105 sudaro dvi apdailos<\/p>\n","protected":false},"featured_media":98784,"comment_status":"open","ping_status":"closed","template":"","meta":[],"product_cat":[2954,2959,2966],"product_tag":[],"class_list":{"0":"post-98785","1":"product","2":"type-product","3":"status-publish","4":"has-post-thumbnail","6":"product_cat-bmw","7":"product_cat-priekiniu-sparnu-apdailos","8":"product_cat-x5-f15-14-18","9":"pa_make-bmw","10":"pa_make-x5-f15","12":"first","13":"instock","14":"taxable","15":"shipping-taxable","16":"purchasable","17":"product-type-simple"},"jetpack_sharing_enabled":true,"_links":{"self":[{"href":"https:\/\/b2b.pfellas.lt\/index.php\/wp-json\/wp\/v2\/product\/98785"}],"collection":[{"href":"https:\/\/b2b.pfellas.lt\/index.php\/wp-json\/wp\/v2\/product"}],"about":[{"href":"https:\/\/b2b.pfellas.lt\/index.php\/wp-json\/wp\/v2\/types\/product"}],"replies":[{"embeddable":true,"href":"https:\/\/b2b.pfellas.lt\/index.php\/wp-json\/wp\/v2\/comments?post=98785"}],"wp:featuredmedia":[{"embeddable":true,"href":"https:\/\/b2b.pfellas.lt\/index.php\/wp-json\/wp\/v2\/media\/98784"}],"wp:attachment":[{"href":"https:\/\/b2b.pfellas.lt\/index.php\/wp-json\/wp\/v2\/media?parent=98785"}],"wp:term":[{"taxonomy":"product_cat","embeddable":true,"href":"https:\/\/b2b.pfellas.lt\/index.php\/wp-json\/wp\/v2\/product_cat?post=98785"},{"taxonomy":"product_tag","embeddable":true,"href":"https:\/\/b2b.pfellas.lt\/index.php\/wp-json\/wp\/v2\/product_tag?post=98785"}],"curies":[{"name":"wp","href":"https:\/\/api.w.org\/{rel}","templated":true}]}}