{"id":98787,"date":"2024-09-25T15:56:34","date_gmt":"2024-09-25T13:56:34","guid":{"rendered":"https:\/\/b2b.pfellas.lt\/index.php\/product\/priekinio-bamperio-groteles-bmw-x5-g05-nuo-2018-juodos-blizgios\/"},"modified":"2024-09-25T16:51:06","modified_gmt":"2024-09-25T14:51:06","slug":"priekinio-bamperio-groteles-bmw-x5-g05-nuo-2018-juodos-blizgios","status":"publish","type":"product","link":"https:\/\/b2b.pfellas.lt\/index.php\/product\/priekinio-bamperio-groteles-bmw-x5-g05-nuo-2018-juodos-blizgios\/","title":{"rendered":"Priekinio bamperio grotel\u0117s BMW X5 G05 nuo 2018 juodos blizgios"},"content":{"rendered":"<p>Juodi Blizgios priekinio buferio grotel\u0117s<\/p>\n<p>Tinka BMW X5 G05 modeliams<br \/>\nNetinka BMW X6 G06 modeliams<\/p>\n<p>Tinka modeliams su kamera ir be jos. Komplekte kartu su kameros dangteliu<br \/>\nTinka visiems buferiams<\/p>\n<p>Pagaminti i\u0161 ABS Plastmas\u0117s<br \/>\nGrotel\u0117s\u00a0nuda\u017eytos juoda blizgia spalva<\/p>\n","protected":false},"excerpt":{"rendered":"<p>Juodi Blizgios priekinio buferio grotel\u0117s Tinka BMW X5 G05 modeliams Netinka BMW X6 G06 modeliams Tinka modeliams su kamera ir be jos. Komplekte kartu su kameros dangteliu Tinka visiems buferiams Pagaminti i\u0161 ABS Plastmas\u0117s Grotel\u0117s\u00a0nuda\u017eytos juoda blizgia spalva<\/p>\n","protected":false},"featured_media":98786,"comment_status":"open","ping_status":"closed","template":"","meta":[],"product_cat":[2954,2935,2965],"product_tag":[],"class_list":{"0":"post-98787","1":"product","2":"type-product","3":"status-publish","4":"has-post-thumbnail","6":"product_cat-bmw","7":"product_cat-priekinio-bamperio-groteles","8":"product_cat-x5-g05-19","9":"pa_make-bmw","10":"pa_make-x5-g05","12":"first","13":"instock","14":"taxable","15":"shipping-taxable","16":"purchasable","17":"product-type-simple"},"jetpack_sharing_enabled":true,"_links":{"self":[{"href":"https:\/\/b2b.pfellas.lt\/index.php\/wp-json\/wp\/v2\/product\/98787"}],"collection":[{"href":"https:\/\/b2b.pfellas.lt\/index.php\/wp-json\/wp\/v2\/product"}],"about":[{"href":"https:\/\/b2b.pfellas.lt\/index.php\/wp-json\/wp\/v2\/types\/product"}],"replies":[{"embeddable":true,"href":"https:\/\/b2b.pfellas.lt\/index.php\/wp-json\/wp\/v2\/comments?post=98787"}],"wp:featuredmedia":[{"embeddable":true,"href":"https:\/\/b2b.pfellas.lt\/index.php\/wp-json\/wp\/v2\/media\/98786"}],"wp:attachment":[{"href":"https:\/\/b2b.pfellas.lt\/index.php\/wp-json\/wp\/v2\/media?parent=98787"}],"wp:term":[{"taxonomy":"product_cat","embeddable":true,"href":"https:\/\/b2b.pfellas.lt\/index.php\/wp-json\/wp\/v2\/product_cat?post=98787"},{"taxonomy":"product_tag","embeddable":true,"href":"https:\/\/b2b.pfellas.lt\/index.php\/wp-json\/wp\/v2\/product_tag?post=98787"}],"curies":[{"name":"wp","href":"https:\/\/api.w.org\/{rel}","templated":true}]}}