{"id":98803,"date":"2024-09-25T15:56:58","date_gmt":"2024-09-25T13:56:58","guid":{"rendered":"https:\/\/b2b.pfellas.lt\/index.php\/product\/bamperiu-komplektas-m5-look-bmw-5-g30-lci-06-2020-06-2023-modeliams\/"},"modified":"2024-09-25T16:54:04","modified_gmt":"2024-09-25T14:54:04","slug":"bamperiu-komplektas-m5-look-bmw-5-g30-lci-06-2020-06-2023-modeliams","status":"publish","type":"product","link":"https:\/\/b2b.pfellas.lt\/index.php\/product\/bamperiu-komplektas-m5-look-bmw-5-g30-lci-06-2020-06-2023-modeliams\/","title":{"rendered":"Bamperi\u0173 komplektas M5 look BMW 5 G30 LCI 06.2020-06.2023 modeliams"},"content":{"rendered":"<div id=\"description\" class=\"tab-pane in active\">\n<div class=\"product-description\">\n<div class=\"rte-content\">\n<div id=\"description\" class=\"tab-pane in active\">\n<div class=\"product-description\">\n<div class=\"rte-content\">\n<p>M5 F90 I\u0161vaizdos apdailos komplektas skirtas LCI modeliams<\/p>\n<p>\u00bb Tinka 5 Serijos BMW G30 modeliams pagamintiems nuo 2020.06 iki 2023.06<br \/>\n\u00bb Netinka 5 Series BMW G31 Universalo modeliams<\/p>\n<p>Komplekt\u0105 sudaro;<br \/>\n\u2022 Priekinis ir galinis buferiai<br \/>\n\u2022 Slenks\u010di\u0173 komplektas<\/p>\n<p>Antgaliai ir priekin\u0117s grotos.<\/p>\n<\/div>\n<\/div>\n<\/div>\n<\/div>\n<\/div>\n<\/div>\n","protected":false},"excerpt":{"rendered":"<p>M5 F90 I\u0161vaizdos apdailos komplektas skirtas LCI modeliams \u00bb Tinka 5 Serijos BMW G30 modeliams pagamintiems nuo 2020.06 iki 2023.06 \u00bb Netinka 5 Series BMW G31 Universalo modeliams Komplekt\u0105 sudaro; \u2022 Priekinis ir galinis buferiai \u2022 Slenks\u010di\u0173 komplektas Antgaliai ir priekin\u0117s grotos.<\/p>\n","protected":false},"featured_media":97979,"comment_status":"open","ping_status":"closed","template":"","meta":[],"product_cat":[2961,2954,2932],"product_tag":[],"class_list":{"0":"post-98803","1":"product","2":"type-product","3":"status-publish","4":"has-post-thumbnail","6":"product_cat-5-g30-g31-17","7":"product_cat-bmw","8":"product_cat-bodykit","9":"pa_make-5-g30","10":"pa_make-bmw","12":"first","13":"instock","14":"taxable","15":"shipping-taxable","16":"purchasable","17":"product-type-simple"},"jetpack_sharing_enabled":true,"_links":{"self":[{"href":"https:\/\/b2b.pfellas.lt\/index.php\/wp-json\/wp\/v2\/product\/98803"}],"collection":[{"href":"https:\/\/b2b.pfellas.lt\/index.php\/wp-json\/wp\/v2\/product"}],"about":[{"href":"https:\/\/b2b.pfellas.lt\/index.php\/wp-json\/wp\/v2\/types\/product"}],"replies":[{"embeddable":true,"href":"https:\/\/b2b.pfellas.lt\/index.php\/wp-json\/wp\/v2\/comments?post=98803"}],"wp:featuredmedia":[{"embeddable":true,"href":"https:\/\/b2b.pfellas.lt\/index.php\/wp-json\/wp\/v2\/media\/97979"}],"wp:attachment":[{"href":"https:\/\/b2b.pfellas.lt\/index.php\/wp-json\/wp\/v2\/media?parent=98803"}],"wp:term":[{"taxonomy":"product_cat","embeddable":true,"href":"https:\/\/b2b.pfellas.lt\/index.php\/wp-json\/wp\/v2\/product_cat?post=98803"},{"taxonomy":"product_tag","embeddable":true,"href":"https:\/\/b2b.pfellas.lt\/index.php\/wp-json\/wp\/v2\/product_tag?post=98803"}],"curies":[{"name":"wp","href":"https:\/\/api.w.org\/{rel}","templated":true}]}}