{"id":98804,"date":"2024-09-25T15:56:58","date_gmt":"2024-09-25T13:56:58","guid":{"rendered":"https:\/\/b2b.pfellas.lt\/index.php\/product\/m3-look-apdailos-komplektas-bmw-3-f30-11-15-priekis-be-pcd-galas-su-pcd-be-priesrukiniu-zibintu-skyliu\/"},"modified":"2024-09-25T16:53:26","modified_gmt":"2024-09-25T14:53:26","slug":"m3-look-apdailos-komplektas-bmw-3-f30-11-15-priekis-be-pcd-galas-su-pcd-be-priesrukiniu-zibintu-skyliu","status":"publish","type":"product","link":"https:\/\/b2b.pfellas.lt\/index.php\/product\/m3-look-apdailos-komplektas-bmw-3-f30-11-15-priekis-be-pcd-galas-su-pcd-be-priesrukiniu-zibintu-skyliu\/","title":{"rendered":"M3 Look Apdailos komplektas BMW 3 F30 11-15 (priekis be PCD+ galas su PCD) be prie\u0161r\u016bkini\u0173 \u017eibint\u0173 skyli\u0173"},"content":{"rendered":"<p>M3 look apdailos komplektas.<\/p>\n<p>Priekinis Buferis su skyl\u0117mis ir dangteliais \u017eibint\u0173 apiplovimui ir be skyli\u0173 skirt\u0173 parkavimo (PDC) sensoriams. \u0160onin\u0117s grotel\u0117s skirtos be prie\u0161r\u016bkini\u0173 \u017eibint\u0173.<\/p>\n<p>Galinis bamperis su parktronik\u0173 skyl\u0117mis<\/p>\n<p>Tinka:<\/p>\n<p>BMW 3 F30 sedanui;<\/p>\n<p>Netinka:<\/p>\n<p>BMW 3 F31 universalui ; Netinka BMW M3 F80 modeliams<\/p>\n<p>\u0160\u012f komplekt\u0105 sudaro:<\/p>\n<p>Komplekt\u0105 sudaro: priekinis bamperis, abu slenks\u010diai, galinis bamperis.<\/p>\n<p>Sud\u0117tis: auk\u0161tos kokyb\u0117s PP (originali\u0173 bamperi\u0173 plastmas\u0117);<\/p>\n<p>Dalys neda\u017eytos; Gamyklinis plastiko atspalvis kartais gali skirtis nuo vaizduojam\u0173;<\/p>\n<p>Apdailos komplektas neoriginalus<\/p>\n","protected":false},"excerpt":{"rendered":"<p>M3 look apdailos komplektas. Priekinis Buferis su skyl\u0117mis ir dangteliais \u017eibint\u0173 apiplovimui ir be skyli\u0173 skirt\u0173 parkavimo (PDC) sensoriams. \u0160onin\u0117s grotel\u0117s skirtos be prie\u0161r\u016bkini\u0173 \u017eibint\u0173. Galinis bamperis su parktronik\u0173 skyl\u0117mis Tinka: BMW 3 F30 sedanui; Netinka: BMW 3 F31 universalui ; Netinka BMW M3 F80 modeliams \u0160\u012f komplekt\u0105 sudaro: Komplekt\u0105 sudaro: priekinis bamperis, abu slenks\u010diai,<\/p>\n<div class=\"klb-readmore button\"><a class=\"btn link\" href=\"https:\/\/b2b.pfellas.lt\/index.php\/product\/m3-look-apdailos-komplektas-bmw-3-f30-11-15-priekis-be-pcd-galas-su-pcd-be-priesrukiniu-zibintu-skyliu\/\">Read More <i class=\"klbth-icon-right-arrow\"><\/i><\/a><\/div>\n","protected":false},"featured_media":97924,"comment_status":"open","ping_status":"closed","template":"","meta":[],"product_cat":[2960,2954,2932],"product_tag":[],"class_list":{"0":"post-98804","1":"product","2":"type-product","3":"status-publish","4":"has-post-thumbnail","6":"product_cat-3-f30-f31-13-18","7":"product_cat-bmw","8":"product_cat-bodykit","9":"pa_make-3-f30-2","10":"pa_make-bmw","12":"first","13":"instock","14":"sale","15":"taxable","16":"shipping-taxable","17":"purchasable","18":"product-type-simple"},"jetpack_sharing_enabled":true,"_links":{"self":[{"href":"https:\/\/b2b.pfellas.lt\/index.php\/wp-json\/wp\/v2\/product\/98804"}],"collection":[{"href":"https:\/\/b2b.pfellas.lt\/index.php\/wp-json\/wp\/v2\/product"}],"about":[{"href":"https:\/\/b2b.pfellas.lt\/index.php\/wp-json\/wp\/v2\/types\/product"}],"replies":[{"embeddable":true,"href":"https:\/\/b2b.pfellas.lt\/index.php\/wp-json\/wp\/v2\/comments?post=98804"}],"wp:featuredmedia":[{"embeddable":true,"href":"https:\/\/b2b.pfellas.lt\/index.php\/wp-json\/wp\/v2\/media\/97924"}],"wp:attachment":[{"href":"https:\/\/b2b.pfellas.lt\/index.php\/wp-json\/wp\/v2\/media?parent=98804"}],"wp:term":[{"taxonomy":"product_cat","embeddable":true,"href":"https:\/\/b2b.pfellas.lt\/index.php\/wp-json\/wp\/v2\/product_cat?post=98804"},{"taxonomy":"product_tag","embeddable":true,"href":"https:\/\/b2b.pfellas.lt\/index.php\/wp-json\/wp\/v2\/product_tag?post=98804"}],"curies":[{"name":"wp","href":"https:\/\/api.w.org\/{rel}","templated":true}]}}