{"id":98920,"date":"2024-10-07T16:01:47","date_gmt":"2024-10-07T14:01:47","guid":{"rendered":"https:\/\/b2b.pfellas.lt\/index.php\/product\/bagazines-apdaila-high-kick-bmw-3-e92-juoda-blizgi\/"},"modified":"2024-10-07T16:11:57","modified_gmt":"2024-10-07T14:11:57","slug":"bagazines-apdaila-high-kick-bmw-3-e92-juoda-blizgi","status":"publish","type":"product","link":"https:\/\/b2b.pfellas.lt\/index.php\/product\/bagazines-apdaila-high-kick-bmw-3-e92-juoda-blizgi\/","title":{"rendered":"Baga\u017ein\u0117s apdaila High Kick BMW 3 E92 juoda blizgi"},"content":{"rendered":"<ul>\n<li>Tinka visiems 3 Serijos BMW E92 modeliams<\/li>\n<li>Netinka 3 Serijos BMW E90, E91,E93 modeliams<\/li>\n<li>Spoileris pagamintas i\u0161 ABS Plastmas\u0117s. Geras tinkamumas<\/li>\n<li>Baga\u017ein\u0117s spoileris nuda\u017eytas juoda blizgia spalva<\/li>\n<\/ul>\n<p>Juodas blizgus High Kick Performance baga\u017ein\u0117s spoileris<\/p>\n","protected":false},"excerpt":{"rendered":"<p>Tinka visiems 3 Serijos BMW E92 modeliams Netinka 3 Serijos BMW E90, E91,E93 modeliams Spoileris pagamintas i\u0161 ABS Plastmas\u0117s. Geras tinkamumas Baga\u017ein\u0117s spoileris nuda\u017eytas juoda blizgia spalva Juodas blizgus High Kick Performance baga\u017ein\u0117s spoileris<\/p>\n","protected":false},"featured_media":98919,"comment_status":"open","ping_status":"closed","template":"","meta":[],"product_cat":[2989,2623,2954],"product_tag":[],"class_list":{"0":"post-98920","1":"product","2":"type-product","3":"status-publish","4":"has-post-thumbnail","6":"product_cat-3-e92-e93-06-12","7":"product_cat-bagazines-apdailos","8":"product_cat-bmw","9":"pa_make-3-e92-2","10":"pa_make-bmw","12":"first","13":"instock","14":"taxable","15":"shipping-taxable","16":"purchasable","17":"product-type-simple"},"jetpack_sharing_enabled":true,"_links":{"self":[{"href":"https:\/\/b2b.pfellas.lt\/index.php\/wp-json\/wp\/v2\/product\/98920"}],"collection":[{"href":"https:\/\/b2b.pfellas.lt\/index.php\/wp-json\/wp\/v2\/product"}],"about":[{"href":"https:\/\/b2b.pfellas.lt\/index.php\/wp-json\/wp\/v2\/types\/product"}],"replies":[{"embeddable":true,"href":"https:\/\/b2b.pfellas.lt\/index.php\/wp-json\/wp\/v2\/comments?post=98920"}],"wp:featuredmedia":[{"embeddable":true,"href":"https:\/\/b2b.pfellas.lt\/index.php\/wp-json\/wp\/v2\/media\/98919"}],"wp:attachment":[{"href":"https:\/\/b2b.pfellas.lt\/index.php\/wp-json\/wp\/v2\/media?parent=98920"}],"wp:term":[{"taxonomy":"product_cat","embeddable":true,"href":"https:\/\/b2b.pfellas.lt\/index.php\/wp-json\/wp\/v2\/product_cat?post=98920"},{"taxonomy":"product_tag","embeddable":true,"href":"https:\/\/b2b.pfellas.lt\/index.php\/wp-json\/wp\/v2\/product_tag?post=98920"}],"curies":[{"name":"wp","href":"https:\/\/api.w.org\/{rel}","templated":true}]}}