{"id":98925,"date":"2024-10-07T16:01:52","date_gmt":"2024-10-07T14:01:52","guid":{"rendered":"https:\/\/b2b.pfellas.lt\/index.php\/product\/bagazines-apdaila-psm-look-bmw-2-f22-m2-f87-juoda-blizgi\/"},"modified":"2024-10-07T16:12:32","modified_gmt":"2024-10-07T14:12:32","slug":"bagazines-apdaila-psm-look-bmw-2-f22-m2-f87-juoda-blizgi","status":"publish","type":"product","link":"https:\/\/b2b.pfellas.lt\/index.php\/product\/bagazines-apdaila-psm-look-bmw-2-f22-m2-f87-juoda-blizgi\/","title":{"rendered":"Baga\u017ein\u0117s apdaila PSM look BMW 2 F22\/ M2 F87 juoda blizgi"},"content":{"rendered":"<ul>\n<li><strong>Tinka<\/strong>\u00a02 Serijos BMW F22\u00a0<strong>Coupe<\/strong> ir F87 M2 modeliams<\/li>\n<li><strong>Netinka<\/strong> 2 Serijos BMW F23 Kabrioletui, F88 M2 modeliams<\/li>\n<li><strong>Netinka<\/strong> 4 Serijos BMW M4 F82, M4 F83 modeliams<\/li>\n<li>Spoileris pagamintas i\u0161 ABS Plastmas\u0117s<\/li>\n<li>Baga\u017ein\u0117s spoileris nuda\u017eytas juoda blizgia spalva<\/li>\n<\/ul>\n<p>&nbsp;<\/p>\n<p>Juodas blizgus PSM Stiliaus baga\u017ein\u0117s spoileris<\/p>\n","protected":false},"excerpt":{"rendered":"<p>Tinka\u00a02 Serijos BMW F22\u00a0Coupe ir F87 M2 modeliams Netinka 2 Serijos BMW F23 Kabrioletui, F88 M2 modeliams Netinka 4 Serijos BMW M4 F82, M4 F83 modeliams Spoileris pagamintas i\u0161 ABS Plastmas\u0117s Baga\u017ein\u0117s spoileris nuda\u017eytas juoda blizgia spalva &nbsp; Juodas blizgus PSM Stiliaus baga\u017ein\u0117s spoileris<\/p>\n","protected":false},"featured_media":98924,"comment_status":"open","ping_status":"closed","template":"","meta":[],"product_cat":[2990,2623,2954,2985],"product_tag":[],"class_list":{"0":"post-98925","1":"product","2":"type-product","3":"status-publish","4":"has-post-thumbnail","6":"product_cat-2-f22-f23-14-20","7":"product_cat-bagazines-apdailos","8":"product_cat-bmw","9":"product_cat-m2-f87-15-21","10":"pa_make-bmw","11":"pa_make-m2-f87","13":"first","14":"instock","15":"sale","16":"taxable","17":"shipping-taxable","18":"purchasable","19":"product-type-simple"},"jetpack_sharing_enabled":true,"_links":{"self":[{"href":"https:\/\/b2b.pfellas.lt\/index.php\/wp-json\/wp\/v2\/product\/98925"}],"collection":[{"href":"https:\/\/b2b.pfellas.lt\/index.php\/wp-json\/wp\/v2\/product"}],"about":[{"href":"https:\/\/b2b.pfellas.lt\/index.php\/wp-json\/wp\/v2\/types\/product"}],"replies":[{"embeddable":true,"href":"https:\/\/b2b.pfellas.lt\/index.php\/wp-json\/wp\/v2\/comments?post=98925"}],"wp:featuredmedia":[{"embeddable":true,"href":"https:\/\/b2b.pfellas.lt\/index.php\/wp-json\/wp\/v2\/media\/98924"}],"wp:attachment":[{"href":"https:\/\/b2b.pfellas.lt\/index.php\/wp-json\/wp\/v2\/media?parent=98925"}],"wp:term":[{"taxonomy":"product_cat","embeddable":true,"href":"https:\/\/b2b.pfellas.lt\/index.php\/wp-json\/wp\/v2\/product_cat?post=98925"},{"taxonomy":"product_tag","embeddable":true,"href":"https:\/\/b2b.pfellas.lt\/index.php\/wp-json\/wp\/v2\/product_tag?post=98925"}],"curies":[{"name":"wp","href":"https:\/\/api.w.org\/{rel}","templated":true}]}}