{"id":98929,"date":"2024-10-07T16:01:56","date_gmt":"2024-10-07T14:01:56","guid":{"rendered":"https:\/\/b2b.pfellas.lt\/index.php\/product\/bagazines-apdaila-psm-look-bmw-4-f36-gran-coupe-juoda-blizgi\/"},"modified":"2024-10-07T16:13:10","modified_gmt":"2024-10-07T14:13:10","slug":"bagazines-apdaila-psm-look-bmw-4-f36-gran-coupe-juoda-blizgi","status":"publish","type":"product","link":"https:\/\/b2b.pfellas.lt\/index.php\/product\/bagazines-apdaila-psm-look-bmw-4-f36-gran-coupe-juoda-blizgi\/","title":{"rendered":"Baga\u017ein\u0117s apdaila PSM look BMW 4 F36 Gran Coupe juoda blizgi"},"content":{"rendered":"<p>Juodas blizgus PSM Stiliaus baga\u017ein\u0117s spoileris<\/p>\n<p><strong>*Tinka<\/strong>\u00a04 Serijos BMW F36 Gran Coupe modeliams (4 durys)<\/p>\n<p><strong>*Netinka<\/strong>\u00a04 Serijos BMW F32 Coupe, F33 Kabrioleto modeliams. \u0160i\u0173 modeli\u0173 baga\u017ein\u0117s dang\u010dio forma skiriasi nuo Gran Coupe modelio!<\/p>\n<p><strong>*Netinka<\/strong>\u00a04 Serijos BMW M4 F82, M4 F83 modeliams<\/p>\n<p>\u2022 Spoileris pagamintas i\u0161 ABS Plastmas\u0117s<br \/>\n\u2022 Baga\u017ein\u0117s spoileris nuda\u017eytas juoda blizgia spalva<\/p>\n","protected":false},"excerpt":{"rendered":"<p>Juodas blizgus PSM Stiliaus baga\u017ein\u0117s spoileris *Tinka\u00a04 Serijos BMW F36 Gran Coupe modeliams (4 durys) *Netinka\u00a04 Serijos BMW F32 Coupe, F33 Kabrioleto modeliams. \u0160i\u0173 modeli\u0173 baga\u017ein\u0117s dang\u010dio forma skiriasi nuo Gran Coupe modelio! *Netinka\u00a04 Serijos BMW M4 F82, M4 F83 modeliams \u2022 Spoileris pagamintas i\u0161 ABS Plastmas\u0117s \u2022 Baga\u017ein\u0117s spoileris nuda\u017eytas juoda blizgia spalva<\/p>\n","protected":false},"featured_media":98928,"comment_status":"open","ping_status":"closed","template":"","meta":[],"product_cat":[2986,2623,2954],"product_tag":[],"class_list":{"0":"post-98929","1":"product","2":"type-product","3":"status-publish","4":"has-post-thumbnail","6":"product_cat-4-f32-f33-f36-13-20","7":"product_cat-bagazines-apdailos","8":"product_cat-bmw","9":"pa_make-4-f36-2","10":"pa_make-bmw","12":"first","13":"instock","14":"sale","15":"taxable","16":"shipping-taxable","17":"purchasable","18":"product-type-simple"},"jetpack_sharing_enabled":true,"_links":{"self":[{"href":"https:\/\/b2b.pfellas.lt\/index.php\/wp-json\/wp\/v2\/product\/98929"}],"collection":[{"href":"https:\/\/b2b.pfellas.lt\/index.php\/wp-json\/wp\/v2\/product"}],"about":[{"href":"https:\/\/b2b.pfellas.lt\/index.php\/wp-json\/wp\/v2\/types\/product"}],"replies":[{"embeddable":true,"href":"https:\/\/b2b.pfellas.lt\/index.php\/wp-json\/wp\/v2\/comments?post=98929"}],"wp:featuredmedia":[{"embeddable":true,"href":"https:\/\/b2b.pfellas.lt\/index.php\/wp-json\/wp\/v2\/media\/98928"}],"wp:attachment":[{"href":"https:\/\/b2b.pfellas.lt\/index.php\/wp-json\/wp\/v2\/media?parent=98929"}],"wp:term":[{"taxonomy":"product_cat","embeddable":true,"href":"https:\/\/b2b.pfellas.lt\/index.php\/wp-json\/wp\/v2\/product_cat?post=98929"},{"taxonomy":"product_tag","embeddable":true,"href":"https:\/\/b2b.pfellas.lt\/index.php\/wp-json\/wp\/v2\/product_tag?post=98929"}],"curies":[{"name":"wp","href":"https:\/\/api.w.org\/{rel}","templated":true}]}}